{"id":9705,"date":"2025-01-07T14:16:47","date_gmt":"2025-01-07T13:16:47","guid":{"rendered":"https:\/\/paroisse-notredame-sannedolon.fr\/?page_id=9705"},"modified":"2025-09-28T16:07:11","modified_gmt":"2025-09-28T15:07:11","slug":"archives-mot-du-cure-et-homelie-2024","status":"publish","type":"page","link":"https:\/\/paroisse-notredame-sannedolon.fr\/index.php\/archives-mot-du-cure-et-homelie-2024\/","title":{"rendered":"Archives hom\u00e9lies 2024"},"content":{"rendered":"\n<div data-wp-interactive=\"core\/file\" class=\"wp-block-file\"><object data-wp-bind--hidden=\"!state.hasPdfPreview\" hidden class=\"wp-block-file__embed\" data=\"https:\/\/paroisse-notredame-sannedolon.fr\/mypress\/wp-content\/uploads\/2025\/02\/Homelie-Epiphanie.pdf\" type=\"application\/pdf\" style=\"width:100%;height:600px\" aria-label=\"Contenu embarqu\u00e9 Hom\u00e9lie Epiphanie.\"><\/object><a id=\"wp-block-file--media-face5585-0a7b-412d-b6af-e691c426741d\" href=\"https:\/\/paroisse-notredame-sannedolon.fr\/mypress\/wp-content\/uploads\/2025\/02\/Homelie-Epiphanie.pdf\">Hom\u00e9lie Epiphanie<\/a><a href=\"https:\/\/paroisse-notredame-sannedolon.fr\/mypress\/wp-content\/uploads\/2025\/02\/Homelie-Epiphanie.pdf\" class=\"wp-block-file__button wp-element-button\" download aria-describedby=\"wp-block-file--media-face5585-0a7b-412d-b6af-e691c426741d\">T\u00e9l\u00e9charger<\/a><\/div>\n\n\n\n<div data-wp-interactive=\"core\/file\" class=\"wp-block-file\"><object data-wp-bind--hidden=\"!state.hasPdfPreview\" hidden class=\"wp-block-file__embed\" data=\"https:\/\/paroisse-notredame-sannedolon.fr\/mypress\/wp-content\/uploads\/2025\/01\/Homelie-du-4eme-dimanche-Avent-C.pdf\" type=\"application\/pdf\" style=\"width:100%;height:600px\" aria-label=\"Contenu embarqu\u00e9 Hom\u00e9lie du 4\u00e8me dimanche Avent C.\"><\/object><a id=\"wp-block-file--media-46e87499-bbe0-4742-b344-e0f7351dfc07\" href=\"https:\/\/paroisse-notredame-sannedolon.fr\/mypress\/wp-content\/uploads\/2025\/01\/Homelie-du-4eme-dimanche-Avent-C.pdf\">Hom\u00e9lie du 4\u00e8me dimanche Avent C<\/a><a href=\"https:\/\/paroisse-notredame-sannedolon.fr\/mypress\/wp-content\/uploads\/2025\/01\/Homelie-du-4eme-dimanche-Avent-C.pdf\" class=\"wp-block-file__button wp-element-button\" download aria-describedby=\"wp-block-file--media-46e87499-bbe0-4742-b344-e0f7351dfc07\">T\u00e9l\u00e9charger<\/a><\/div>\n\n\n\n<div data-wp-interactive=\"core\/file\" class=\"wp-block-file\"><object data-wp-bind--hidden=\"!state.hasPdfPreview\" hidden class=\"wp-block-file__embed\" data=\"https:\/\/paroisse-notredame-sannedolon.fr\/mypress\/wp-content\/uploads\/2025\/01\/HOMELIE-DU-TROISIEME-DIMANCHE-DE-L-AVENT-C.pdf\" type=\"application\/pdf\" style=\"width:100%;height:600px\" aria-label=\"Contenu embarqu\u00e9 HOMELIE DU TROISIEME DIMANCHE DE L AVENT C.\"><\/object><a id=\"wp-block-file--media-71dedc25-f7ed-4882-8bb8-0520ac1890fb\" href=\"https:\/\/paroisse-notredame-sannedolon.fr\/mypress\/wp-content\/uploads\/2025\/01\/HOMELIE-DU-TROISIEME-DIMANCHE-DE-L-AVENT-C.pdf\">HOMELIE DU TROISIEME DIMANCHE DE L AVENT C<\/a><a href=\"https:\/\/paroisse-notredame-sannedolon.fr\/mypress\/wp-content\/uploads\/2025\/01\/HOMELIE-DU-TROISIEME-DIMANCHE-DE-L-AVENT-C.pdf\" class=\"wp-block-file__button wp-element-button\" download aria-describedby=\"wp-block-file--media-71dedc25-f7ed-4882-8bb8-0520ac1890fb\">T\u00e9l\u00e9charger<\/a><\/div>\n\n\n\n<div data-wp-interactive=\"core\/file\" class=\"wp-block-file\"><object data-wp-bind--hidden=\"!state.hasPdfPreview\" hidden class=\"wp-block-file__embed\" data=\"https:\/\/paroisse-notredame-sannedolon.fr\/mypress\/wp-content\/uploads\/2025\/01\/Homelie-2eme-dimanche-de-l1.pdf\" type=\"application\/pdf\" style=\"width:100%;height:600px\" aria-label=\"Contenu embarqu\u00e9 Hom\u00e9lie 2\u00e8me dimanche de l(1).\"><\/object><a id=\"wp-block-file--media-e658950e-9339-4f5d-8b20-c1169a84ea04\" href=\"https:\/\/paroisse-notredame-sannedolon.fr\/mypress\/wp-content\/uploads\/2025\/01\/Homelie-2eme-dimanche-de-l1.pdf\">Hom\u00e9lie 2\u00e8me dimanche de l(1)<\/a><a href=\"https:\/\/paroisse-notredame-sannedolon.fr\/mypress\/wp-content\/uploads\/2025\/01\/Homelie-2eme-dimanche-de-l1.pdf\" class=\"wp-block-file__button wp-element-button\" download aria-describedby=\"wp-block-file--media-e658950e-9339-4f5d-8b20-c1169a84ea04\">T\u00e9l\u00e9charger<\/a><\/div>\n\n\n\n<div data-wp-interactive=\"core\/file\" class=\"wp-block-file\"><object data-wp-bind--hidden=\"!state.hasPdfPreview\" hidden class=\"wp-block-file__embed\" data=\"https:\/\/paroisse-notredame-sannedolon.fr\/mypress\/wp-content\/uploads\/2025\/01\/Homelie-pour-le-1er-dimanche-de-lAvent-C1.pdf\" type=\"application\/pdf\" style=\"width:100%;height:600px\" aria-label=\"Contenu embarqu\u00e9 Hom\u00e9lie pour le 1er dimanche de l&#039;Avent C(1).\"><\/object><a id=\"wp-block-file--media-7dcf517e-2e9e-4a99-8a97-bd16dab2041b\" href=\"https:\/\/paroisse-notredame-sannedolon.fr\/mypress\/wp-content\/uploads\/2025\/01\/Homelie-pour-le-1er-dimanche-de-lAvent-C1.pdf\">Hom\u00e9lie pour le 1er dimanche de l&rsquo;Avent C(1)<\/a><a href=\"https:\/\/paroisse-notredame-sannedolon.fr\/mypress\/wp-content\/uploads\/2025\/01\/Homelie-pour-le-1er-dimanche-de-lAvent-C1.pdf\" class=\"wp-block-file__button wp-element-button\" download aria-describedby=\"wp-block-file--media-7dcf517e-2e9e-4a99-8a97-bd16dab2041b\">T\u00e9l\u00e9charger<\/a><\/div>\n\n\n\n<p><\/p>\n","protected":false},"excerpt":{"rendered":"","protected":false},"author":1,"featured_media":0,"parent":0,"menu_order":0,"comment_status":"closed","ping_status":"closed","template":"","meta":{"jetpack_post_was_ever_published":false,"footnotes":""},"class_list":["post-9705","page","type-page","status-publish","hentry"],"jetpack_sharing_enabled":true,"jetpack_shortlink":"https:\/\/wp.me\/P7rrt2-2wx","_links":{"self":[{"href":"https:\/\/paroisse-notredame-sannedolon.fr\/index.php\/wp-json\/wp\/v2\/pages\/9705","targetHints":{"allow":["GET"]}}],"collection":[{"href":"https:\/\/paroisse-notredame-sannedolon.fr\/index.php\/wp-json\/wp\/v2\/pages"}],"about":[{"href":"https:\/\/paroisse-notredame-sannedolon.fr\/index.php\/wp-json\/wp\/v2\/types\/page"}],"author":[{"embeddable":true,"href":"https:\/\/paroisse-notredame-sannedolon.fr\/index.php\/wp-json\/wp\/v2\/users\/1"}],"replies":[{"embeddable":true,"href":"https:\/\/paroisse-notredame-sannedolon.fr\/index.php\/wp-json\/wp\/v2\/comments?post=9705"}],"version-history":[{"count":9,"href":"https:\/\/paroisse-notredame-sannedolon.fr\/index.php\/wp-json\/wp\/v2\/pages\/9705\/revisions"}],"predecessor-version":[{"id":10552,"href":"https:\/\/paroisse-notredame-sannedolon.fr\/index.php\/wp-json\/wp\/v2\/pages\/9705\/revisions\/10552"}],"wp:attachment":[{"href":"https:\/\/paroisse-notredame-sannedolon.fr\/index.php\/wp-json\/wp\/v2\/media?parent=9705"}],"curies":[{"name":"wp","href":"https:\/\/api.w.org\/{rel}","templated":true}]}}