{"id":9679,"date":"2025-01-01T18:27:59","date_gmt":"2025-01-01T17:27:59","guid":{"rendered":"https:\/\/paroisse-notredame-sannedolon.fr\/?page_id=9679"},"modified":"2025-09-30T21:02:21","modified_gmt":"2025-09-30T20:02:21","slug":"accueil-des-jeunes-adultes","status":"publish","type":"page","link":"https:\/\/paroisse-notredame-sannedolon.fr\/index.php\/accueil-des-jeunes-adultes\/","title":{"rendered":"Sacrements \u00e9tudiants jeunes pro"},"content":{"rendered":"\n<p class=\"has-medium-font-size\"><strong>Des \u00e9tudiants, des jeunes pro et des adultes frappent \u00e0 la porte de l\u2019\u00c9glise\u2026<\/strong><br>Depuis quelques ann\u00e9es d\u00e9j\u00e0, les statistiques montrent un renouveau de la foi chr\u00e9tienne en<br>France. Dans notre paroisse, la messe dominicale \u00e0 Anjou est t\u00e9moin de l\u2019arriv\u00e9e de jeunes<br>de plus en plus nombreux qui y viennent, seuls ou en famille. Cette nouvelle g\u00e9n\u00e9ration qui<br>se fait souvent discr\u00e8te nous dit trouver les r\u00e9ponses qui se posent \u00e0 elle au sein de la foi<br>chr\u00e9tienne\u2026<br><\/p>\n\n\n\n<div class=\"wp-block-media-text is-stacked-on-mobile\" style=\"grid-template-columns:18% auto\"><figure class=\"wp-block-media-text__media\"><img fetchpriority=\"high\" decoding=\"async\" width=\"250\" height=\"246\" data-attachment-id=\"1226\" data-permalink=\"https:\/\/paroisse-notredame-sannedolon.fr\/?attachment_id=1226\" data-orig-file=\"https:\/\/paroisse-notredame-sannedolon.fr\/mypress\/wp-content\/uploads\/2016\/06\/Logo_petit-Paroisse._v2.jpg\" data-orig-size=\"250,246\" data-comments-opened=\"1\" data-image-meta=\"{&quot;aperture&quot;:&quot;0&quot;,&quot;credit&quot;:&quot;&quot;,&quot;camera&quot;:&quot;&quot;,&quot;caption&quot;:&quot;&quot;,&quot;created_timestamp&quot;:&quot;0&quot;,&quot;copyright&quot;:&quot;&quot;,&quot;focal_length&quot;:&quot;0&quot;,&quot;iso&quot;:&quot;0&quot;,&quot;shutter_speed&quot;:&quot;0&quot;,&quot;title&quot;:&quot;&quot;,&quot;orientation&quot;:&quot;0&quot;}\" data-image-title=\"Logo_petit Paroisse._v2\" data-image-description=\"\" data-image-caption=\"\" data-large-file=\"https:\/\/paroisse-notredame-sannedolon.fr\/mypress\/wp-content\/uploads\/2016\/06\/Logo_petit-Paroisse._v2.jpg\" src=\"https:\/\/paroisse-notredame-sannedolon.fr\/mypress\/wp-content\/uploads\/2016\/06\/Logo_petit-Paroisse._v2.jpg\" alt=\"\" class=\"wp-image-1226 size-full\" srcset=\"https:\/\/paroisse-notredame-sannedolon.fr\/mypress\/wp-content\/uploads\/2016\/06\/Logo_petit-Paroisse._v2.jpg 250w, https:\/\/paroisse-notredame-sannedolon.fr\/mypress\/wp-content\/uploads\/2016\/06\/Logo_petit-Paroisse._v2-150x148.jpg 150w\" sizes=\"(max-width: 250px) 100vw, 250px\" \/><\/figure><div class=\"wp-block-media-text__content\">\n<p class=\"has-medium-font-size\">Il convient \u00e0 notre paroisse Notre Dame des Sources de r\u00e9pondre \u00e0 ces demandes un peu<br>diffuses certes, mais maintenant bien r\u00e9elles.<\/p>\n<\/div><\/div>\n\n\n\n<p class=\"has-medium-font-size\">Aujourd\u2019hui, trois parcours sont propos\u00e9s&nbsp;aux lyc\u00e9ens, aux \u00e9tudiants, aux jeunes pro, et \u00e0<br>tout adulte qui veut \u00ab&nbsp;devenir chr\u00e9tien&nbsp;\u00bb&nbsp;:<\/p>\n\n\n\n<div class=\"wp-block-media-text has-media-on-the-right is-stacked-on-mobile\" style=\"grid-template-columns:auto 17%\"><div class=\"wp-block-media-text__content\">\n<p class=\"has-medium-font-size\">&#8211; <strong>Un parcours bapt\u00eame&nbsp;:<\/strong> c\u2019est un cycle de d\u00e9couverte et d\u2019approfondissement de la foi en J\u00e9sus-Christ. Le parcours est organis\u00e9 sur 18 mois. Il s\u2019articule autour d\u2019une rencontre par<br>mois (un soir ou le samedi matin) et il est rythm\u00e9 par la participation \u00e0 plusieurs c\u00e9l\u00e9brations dans l\u2019ann\u00e9e (Entr\u00e9e dans l\u2019\u00c9glise&nbsp;; Appel d\u00e9cisif&nbsp;; Scrutins) qui m\u00e8nent \u00e0 la c\u00e9l\u00e9bration du<br>bapt\u00eame lors de la Veill\u00e9e Pascale.<\/p>\n\n\n\n<p><\/p>\n<\/div><figure class=\"wp-block-media-text__media\"><img decoding=\"async\" width=\"526\" height=\"526\" data-attachment-id=\"9085\" data-permalink=\"https:\/\/paroisse-notredame-sannedolon.fr\/bapteme-3\/\" data-orig-file=\"https:\/\/paroisse-notredame-sannedolon.fr\/mypress\/wp-content\/uploads\/2024\/08\/Bapteme.jpg\" data-orig-size=\"526,526\" data-comments-opened=\"1\" data-image-meta=\"{&quot;aperture&quot;:&quot;0&quot;,&quot;credit&quot;:&quot;&quot;,&quot;camera&quot;:&quot;&quot;,&quot;caption&quot;:&quot;&quot;,&quot;created_timestamp&quot;:&quot;0&quot;,&quot;copyright&quot;:&quot;&quot;,&quot;focal_length&quot;:&quot;0&quot;,&quot;iso&quot;:&quot;0&quot;,&quot;shutter_speed&quot;:&quot;0&quot;,&quot;title&quot;:&quot;&quot;,&quot;orientation&quot;:&quot;0&quot;}\" data-image-title=\"Bapt\u00eame\" data-image-description=\"\" data-image-caption=\"\" data-large-file=\"https:\/\/paroisse-notredame-sannedolon.fr\/mypress\/wp-content\/uploads\/2024\/08\/Bapteme.jpg\" src=\"https:\/\/paroisse-notredame-sannedolon.fr\/mypress\/wp-content\/uploads\/2024\/08\/Bapteme.jpg\" alt=\"\" class=\"wp-image-9085 size-full\" srcset=\"https:\/\/paroisse-notredame-sannedolon.fr\/mypress\/wp-content\/uploads\/2024\/08\/Bapteme.jpg 526w, https:\/\/paroisse-notredame-sannedolon.fr\/mypress\/wp-content\/uploads\/2024\/08\/Bapteme-300x300.jpg 300w, https:\/\/paroisse-notredame-sannedolon.fr\/mypress\/wp-content\/uploads\/2024\/08\/Bapteme-150x150.jpg 150w\" sizes=\"(max-width: 526px) 100vw, 526px\" \/><\/figure><\/div>\n\n\n\n<div class=\"wp-block-media-text is-stacked-on-mobile\" style=\"grid-template-columns:22% auto\"><figure class=\"wp-block-media-text__media\"><img decoding=\"async\" width=\"512\" height=\"512\" data-attachment-id=\"9686\" data-permalink=\"https:\/\/paroisse-notredame-sannedolon.fr\/index.php\/accueil-des-jeunes-adultes\/communion-3\/\" data-orig-file=\"https:\/\/paroisse-notredame-sannedolon.fr\/mypress\/wp-content\/uploads\/2025\/01\/communion.webp\" data-orig-size=\"512,512\" data-comments-opened=\"1\" data-image-meta=\"{&quot;aperture&quot;:&quot;0&quot;,&quot;credit&quot;:&quot;&quot;,&quot;camera&quot;:&quot;&quot;,&quot;caption&quot;:&quot;&quot;,&quot;created_timestamp&quot;:&quot;0&quot;,&quot;copyright&quot;:&quot;&quot;,&quot;focal_length&quot;:&quot;0&quot;,&quot;iso&quot;:&quot;0&quot;,&quot;shutter_speed&quot;:&quot;0&quot;,&quot;title&quot;:&quot;&quot;,&quot;orientation&quot;:&quot;0&quot;}\" data-image-title=\"communion\" data-image-description=\"\" data-image-caption=\"\" data-large-file=\"https:\/\/paroisse-notredame-sannedolon.fr\/mypress\/wp-content\/uploads\/2025\/01\/communion.webp\" src=\"https:\/\/paroisse-notredame-sannedolon.fr\/mypress\/wp-content\/uploads\/2025\/01\/communion.webp\" alt=\"\" class=\"wp-image-9686 size-full\" srcset=\"https:\/\/paroisse-notredame-sannedolon.fr\/mypress\/wp-content\/uploads\/2025\/01\/communion.webp 512w, https:\/\/paroisse-notredame-sannedolon.fr\/mypress\/wp-content\/uploads\/2025\/01\/communion-300x300.webp 300w, https:\/\/paroisse-notredame-sannedolon.fr\/mypress\/wp-content\/uploads\/2025\/01\/communion-150x150.webp 150w\" sizes=\"(max-width: 512px) 100vw, 512px\" \/><\/figure><div class=\"wp-block-media-text__content\">\n<p class=\"has-medium-font-size\">&#8211;<strong>Un parcours communion<\/strong>&nbsp;qui s\u2019adresse \u00e0 des personnes baptis\u00e9es qui n\u2019ont pas re\u00e7u, -ou<br>re\u00e7u partiellement- des cours de cat\u00e9chisme. Un parcours de 6 mois \u00e0 un an est propos\u00e9<br>pour une \u00ab&nbsp;premi\u00e8re communion&nbsp;\u00bb qui a lieu au mois de mai.<\/p>\n\n\n\n<p><\/p>\n\n\n\n<p><\/p>\n<\/div><\/div>\n\n\n\n<div class=\"wp-block-media-text has-media-on-the-right is-stacked-on-mobile\" style=\"grid-template-columns:auto 21%\"><div class=\"wp-block-media-text__content\">\n<p class=\"has-medium-font-size\">&#8211;<strong>Un parcours confirmation. <\/strong>Des jeunes veulent aller plus loin dans leur connaissance de J\u00e9sus Christ au travers des \u00c9critures. Ils veulent aussi prendre leur place dans l\u2019\u00c9glise. La confirmation demande un suivi sur une ann\u00e9e. Ce sacrement est administr\u00e9 par l\u2019\u00e9v\u00eaque de Grenoble-Vienne au cours d\u2019une grande c\u00e9l\u00e9bration dioc\u00e9saine.<\/p>\n\n\n\n<p><\/p>\n<\/div><figure class=\"wp-block-media-text__media\"><img loading=\"lazy\" decoding=\"async\" width=\"1024\" height=\"981\" data-attachment-id=\"9689\" data-permalink=\"https:\/\/paroisse-notredame-sannedolon.fr\/index.php\/accueil-des-jeunes-adultes\/confirmation-colombe1\/\" data-orig-file=\"https:\/\/paroisse-notredame-sannedolon.fr\/mypress\/wp-content\/uploads\/2025\/01\/confirmation-colombe1.jpg\" data-orig-size=\"1069,1024\" data-comments-opened=\"1\" data-image-meta=\"{&quot;aperture&quot;:&quot;0&quot;,&quot;credit&quot;:&quot;&quot;,&quot;camera&quot;:&quot;&quot;,&quot;caption&quot;:&quot;&quot;,&quot;created_timestamp&quot;:&quot;0&quot;,&quot;copyright&quot;:&quot;&quot;,&quot;focal_length&quot;:&quot;0&quot;,&quot;iso&quot;:&quot;0&quot;,&quot;shutter_speed&quot;:&quot;0&quot;,&quot;title&quot;:&quot;&quot;,&quot;orientation&quot;:&quot;0&quot;}\" data-image-title=\"confirmation-colombe1\" data-image-description=\"\" data-image-caption=\"\" data-large-file=\"https:\/\/paroisse-notredame-sannedolon.fr\/mypress\/wp-content\/uploads\/2025\/01\/confirmation-colombe1-1024x981.jpg\" src=\"https:\/\/paroisse-notredame-sannedolon.fr\/mypress\/wp-content\/uploads\/2025\/01\/confirmation-colombe1-1024x981.jpg\" alt=\"\" class=\"wp-image-9689 size-full\" srcset=\"https:\/\/paroisse-notredame-sannedolon.fr\/mypress\/wp-content\/uploads\/2025\/01\/confirmation-colombe1-1024x981.jpg 1024w, https:\/\/paroisse-notredame-sannedolon.fr\/mypress\/wp-content\/uploads\/2025\/01\/confirmation-colombe1-300x287.jpg 300w, https:\/\/paroisse-notredame-sannedolon.fr\/mypress\/wp-content\/uploads\/2025\/01\/confirmation-colombe1-150x144.jpg 150w, https:\/\/paroisse-notredame-sannedolon.fr\/mypress\/wp-content\/uploads\/2025\/01\/confirmation-colombe1-157x150.jpg 157w, https:\/\/paroisse-notredame-sannedolon.fr\/mypress\/wp-content\/uploads\/2025\/01\/confirmation-colombe1.jpg 1069w\" sizes=\"(max-width: 1024px) 100vw, 1024px\" \/><\/figure><\/div>\n\n\n\n<p class=\"has-medium-font-size\">Toutes ces rencontres se font en groupe. Le groupe est anim\u00e9 par un pr\u00eatre ou un diacre, et<br>comprend des adultes r\u00e9f\u00e9rents qui accompagnent et aident ceux qui cheminent. Il n\u2019y a pas<br>dans les groupes \u00ab&nbsp;ceux qui savent&nbsp;\u00bb, et \u00ab&nbsp;ceux qui ne savent pas&nbsp;\u00bb&nbsp;; mais tous les participants cheminent ensemble dans la bienveillance et l\u2019approfondissement de la foi. Chacun en ressort enrichi.<br>Pour en savoir plus, ou pour demander des renseignements&nbsp;:<br>&#8211;<strong>P\u00e8re Armand MOUDILOU<\/strong>,<strong> cur\u00e9&nbsp;<\/strong>: 04 74 86 29 57<br>armandmoudilou77@gmail.com<br>&#8211;<strong>Thierry MERLE, diacre<\/strong>&nbsp;: 06 71 19 04 69<br>th38merle@gmail.com<\/p>\n\n\n\n<p><\/p>\n","protected":false},"excerpt":{"rendered":"<p>Des \u00e9tudiants, des jeunes pro et des adultes frappent \u00e0 la porte de l\u2019\u00c9glise\u2026Depuis quelques ann\u00e9es d\u00e9j\u00e0, les statistiques montrent un renouveau de la foi chr\u00e9tienne enFrance. Dans notre paroisse, la messe dominicale \u00e0 Anjou est t\u00e9moin de l\u2019arriv\u00e9e de jeunesde plus en plus nombreux qui y viennent, seuls ou \u2026 <a class=\"continue-reading-link\" href=\"https:\/\/paroisse-notredame-sannedolon.fr\/index.php\/accueil-des-jeunes-adultes\/\">Lire la suite <span class=\"meta-nav\">&rarr; <\/span><\/a><\/p>\n","protected":false},"author":1,"featured_media":0,"parent":0,"menu_order":0,"comment_status":"closed","ping_status":"closed","template":"","meta":{"jetpack_post_was_ever_published":false,"footnotes":""},"class_list":["post-9679","page","type-page","status-publish","hentry"],"jetpack_sharing_enabled":true,"jetpack_shortlink":"https:\/\/wp.me\/P7rrt2-2w7","_links":{"self":[{"href":"https:\/\/paroisse-notredame-sannedolon.fr\/index.php\/wp-json\/wp\/v2\/pages\/9679","targetHints":{"allow":["GET"]}}],"collection":[{"href":"https:\/\/paroisse-notredame-sannedolon.fr\/index.php\/wp-json\/wp\/v2\/pages"}],"about":[{"href":"https:\/\/paroisse-notredame-sannedolon.fr\/index.php\/wp-json\/wp\/v2\/types\/page"}],"author":[{"embeddable":true,"href":"https:\/\/paroisse-notredame-sannedolon.fr\/index.php\/wp-json\/wp\/v2\/users\/1"}],"replies":[{"embeddable":true,"href":"https:\/\/paroisse-notredame-sannedolon.fr\/index.php\/wp-json\/wp\/v2\/comments?post=9679"}],"version-history":[{"count":10,"href":"https:\/\/paroisse-notredame-sannedolon.fr\/index.php\/wp-json\/wp\/v2\/pages\/9679\/revisions"}],"predecessor-version":[{"id":10663,"href":"https:\/\/paroisse-notredame-sannedolon.fr\/index.php\/wp-json\/wp\/v2\/pages\/9679\/revisions\/10663"}],"wp:attachment":[{"href":"https:\/\/paroisse-notredame-sannedolon.fr\/index.php\/wp-json\/wp\/v2\/media?parent=9679"}],"curies":[{"name":"wp","href":"https:\/\/api.w.org\/{rel}","templated":true}]}}