{"id":9384,"date":"2024-11-22T13:49:25","date_gmt":"2024-11-22T12:49:25","guid":{"rendered":"https:\/\/paroisse-notredame-sannedolon.fr\/?page_id=9384"},"modified":"2026-03-29T19:10:33","modified_gmt":"2026-03-29T18:10:33","slug":"le-mot-du-cure","status":"publish","type":"page","link":"https:\/\/paroisse-notredame-sannedolon.fr\/index.php\/le-mot-du-cure\/","title":{"rendered":"\u00ab\u00a0Le mot du cur\u00e9\u00a0\u00bb"},"content":{"rendered":"\n<div class=\"wp-block-media-text has-media-on-the-right is-stacked-on-mobile\"><div class=\"wp-block-media-text__content\">\n<p class=\"has-medium-font-size\"><strong>P\u00e8re Armand Moudilou<br>Cur\u00e9 de la paroisse<\/strong><\/p>\n<\/div><figure class=\"wp-block-media-text__media\"><img fetchpriority=\"high\" decoding=\"async\" width=\"1024\" height=\"683\" data-attachment-id=\"10382\" data-permalink=\"https:\/\/paroisse-notredame-sannedolon.fr\/img_4713\/\" data-orig-file=\"https:\/\/paroisse-notredame-sannedolon.fr\/mypress\/wp-content\/uploads\/2025\/08\/IMG_4713-scaled-e1755605829729.jpeg\" data-orig-size=\"1200,800\" data-comments-opened=\"1\" data-image-meta=\"{&quot;aperture&quot;:&quot;9&quot;,&quot;credit&quot;:&quot;&quot;,&quot;camera&quot;:&quot;Canon EOS 7D&quot;,&quot;caption&quot;:&quot;&quot;,&quot;created_timestamp&quot;:&quot;1755248860&quot;,&quot;copyright&quot;:&quot;&quot;,&quot;focal_length&quot;:&quot;297&quot;,&quot;iso&quot;:&quot;400&quot;,&quot;shutter_speed&quot;:&quot;0.004&quot;,&quot;title&quot;:&quot;&quot;,&quot;orientation&quot;:&quot;1&quot;}\" data-image-title=\"P\u00e8re Armand Aout 2025\" data-image-description=\"\" data-image-caption=\"\" data-large-file=\"https:\/\/paroisse-notredame-sannedolon.fr\/mypress\/wp-content\/uploads\/2025\/08\/IMG_4713-1024x683.jpeg\" src=\"https:\/\/paroisse-notredame-sannedolon.fr\/mypress\/wp-content\/uploads\/2025\/08\/IMG_4713-1024x683.jpeg\" alt=\"\" class=\"wp-image-10382 size-full\"\/><\/figure><\/div>\n\n\n\n<p><br><br><\/p>\n\n\n\n<p class=\"has-medium-font-size\">C\u00e9l\u00e9brons la P\u00e2ques du Seigneur.<br>Le mois d\u2019Avril de cette ann\u00e9e 2026, s\u2019ouvre sur le 3\u00e8me jour de la Semaine Sainte. Qu\u2019est-ce que la Semaine Sainte ? La Semaine Sainte est l\u2019axe central de notre ann\u00e9e liturgique(A). Achevant nos quarante jours du Car\u00eame, depuis notre entr\u00e9e en Car\u00eame, jusqu\u2019au 5\u00e8me dimanche de Car\u00eame. Pendant cette p\u00e9riode, nous chr\u00e9tiens, nous comm\u00e9morons le combat spirituel du Christ contre le mal et sa mort sur la croix. Dans notre \u00c9glise Catholique, la Semaine Sainte s\u2019ouvre avec le dimanche des Rameaux et se termine \u00e0 la Vigile pascale.<br>La semaine Sainte est ponctu\u00e9e de plusieurs grands moments, dans nos deux paroisses Saint Pierre et Notre Dame, plusieurs propositions \u00e0 partir du dimanche 29, Dimanche des Rameaux et de la Passion du Christ. Cette semaine dite Sainte, n\u2019est pas une semaine comme les autres, elle est le C\u0153ur m\u00eame, de toutes les liturgies. Nous allons vivre une mont\u00e9e progressive vers la joie pascale, au rythme du Triduum Pascal avec le Jeudi Saint, m\u00e9moire de la C\u00e8ne et de l\u2019institution de l\u2019eucharistie ; le Vendredi Saint, m\u00e9ditation sur la croix et la mort du Christ ; et enfin la Vigile Pascale dans la nuit du samedi au dimanche, sommet de la liturgie o\u00f9 l\u2019on c\u00e9l\u00e8bre la R\u00e9surrection \u2013 pour nous , avec une joie immense de Vivre et de C\u00e9l\u00e9brer le Bapt\u00eame de Martial, Laura, Jade, Lucie, Chlo\u00e9 et L\u00e9olie.<br>Ce triduum n\u2019est pas une suite d\u2019\u00e9v\u00e9nements mais une seule c\u00e9l\u00e9bration \u00e9tendue sur trois jours, un chemin vers la lumi\u00e8re pascale.<br>Alors, chers paroissiens, vivons et accueillons la Semaine Sainte de cette ann\u00e9e, comme un vrai appel \u00e0 rena\u00eetre de nouveau.<br>Bonne pr\u00e9paration et bonne f\u00eate de P\u00e2ques.<\/p>\n","protected":false},"excerpt":{"rendered":"<p>P\u00e8re Armand MoudilouCur\u00e9 de la paroisse C\u00e9l\u00e9brons la P\u00e2ques du Seigneur.Le mois d\u2019Avril de cette ann\u00e9e 2026, s\u2019ouvre sur le 3\u00e8me jour de la Semaine Sainte. Qu\u2019est-ce que la Semaine Sainte ? La Semaine Sainte est l\u2019axe central de notre ann\u00e9e liturgique(A). Achevant nos quarante jours du Car\u00eame, depuis notre \u2026 <a class=\"continue-reading-link\" href=\"https:\/\/paroisse-notredame-sannedolon.fr\/index.php\/le-mot-du-cure\/\">Lire la suite <span class=\"meta-nav\">&rarr; <\/span><\/a><\/p>\n","protected":false},"author":1,"featured_media":9387,"parent":0,"menu_order":0,"comment_status":"closed","ping_status":"closed","template":"templates\/template-twocolumns-right.php","meta":{"jetpack_post_was_ever_published":false,"footnotes":""},"class_list":["post-9384","page","type-page","status-publish","has-post-thumbnail","hentry"],"jetpack_sharing_enabled":true,"jetpack_shortlink":"https:\/\/wp.me\/P7rrt2-2rm","_links":{"self":[{"href":"https:\/\/paroisse-notredame-sannedolon.fr\/index.php\/wp-json\/wp\/v2\/pages\/9384","targetHints":{"allow":["GET"]}}],"collection":[{"href":"https:\/\/paroisse-notredame-sannedolon.fr\/index.php\/wp-json\/wp\/v2\/pages"}],"about":[{"href":"https:\/\/paroisse-notredame-sannedolon.fr\/index.php\/wp-json\/wp\/v2\/types\/page"}],"author":[{"embeddable":true,"href":"https:\/\/paroisse-notredame-sannedolon.fr\/index.php\/wp-json\/wp\/v2\/users\/1"}],"replies":[{"embeddable":true,"href":"https:\/\/paroisse-notredame-sannedolon.fr\/index.php\/wp-json\/wp\/v2\/comments?post=9384"}],"version-history":[{"count":61,"href":"https:\/\/paroisse-notredame-sannedolon.fr\/index.php\/wp-json\/wp\/v2\/pages\/9384\/revisions"}],"predecessor-version":[{"id":11537,"href":"https:\/\/paroisse-notredame-sannedolon.fr\/index.php\/wp-json\/wp\/v2\/pages\/9384\/revisions\/11537"}],"wp:featuredmedia":[{"embeddable":true,"href":"https:\/\/paroisse-notredame-sannedolon.fr\/index.php\/wp-json\/wp\/v2\/media\/9387"}],"wp:attachment":[{"href":"https:\/\/paroisse-notredame-sannedolon.fr\/index.php\/wp-json\/wp\/v2\/media?parent=9384"}],"curies":[{"name":"wp","href":"https:\/\/api.w.org\/{rel}","templated":true}]}}