{"id":50,"date":"2016-04-11T22:11:57","date_gmt":"2016-04-11T21:11:57","guid":{"rendered":"http:\/\/paroisse-notredame-sannedolon.fr\/?page_id=50"},"modified":"2025-11-15T17:04:10","modified_gmt":"2025-11-15T16:04:10","slug":"sonnay","status":"publish","type":"page","link":"https:\/\/paroisse-notredame-sannedolon.fr\/index.php\/nos-clochers\/sonnay\/","title":{"rendered":"Sonnay"},"content":{"rendered":"<p><img fetchpriority=\"high\" decoding=\"async\" data-attachment-id=\"53\" data-permalink=\"https:\/\/paroisse-notredame-sannedolon.fr\/index.php\/nos-clochers\/sonnay\/eglise-sonnay\/\" data-orig-file=\"https:\/\/paroisse-notredame-sannedolon.fr\/mypress\/wp-content\/uploads\/2016\/04\/\u00e9glise-Sonnay.jpg\" data-orig-size=\"375,500\" data-comments-opened=\"1\" data-image-meta=\"{&quot;aperture&quot;:&quot;5.6&quot;,&quot;credit&quot;:&quot;&quot;,&quot;camera&quot;:&quot;DSC-P100&quot;,&quot;caption&quot;:&quot;&quot;,&quot;created_timestamp&quot;:&quot;1192362054&quot;,&quot;copyright&quot;:&quot;&quot;,&quot;focal_length&quot;:&quot;7.9&quot;,&quot;iso&quot;:&quot;100&quot;,&quot;shutter_speed&quot;:&quot;0.0015625&quot;,&quot;title&quot;:&quot;&quot;,&quot;orientation&quot;:&quot;1&quot;}\" data-image-title=\"\u00e9glise Sonnay\" data-image-description=\"\" data-image-caption=\"\" data-large-file=\"https:\/\/paroisse-notredame-sannedolon.fr\/mypress\/wp-content\/uploads\/2016\/04\/\u00e9glise-Sonnay.jpg\" class=\"size-medium wp-image-53 alignright\" src=\"http:\/\/paroisse-notredame-sannedolon.fr\/wp-content\/uploads\/2016\/04\/\u00e9glise-Sonnay-225x300.jpg\" alt=\"\u00e9glise Sonnay\" width=\"225\" height=\"300\" srcset=\"https:\/\/paroisse-notredame-sannedolon.fr\/mypress\/wp-content\/uploads\/2016\/04\/\u00e9glise-Sonnay-225x300.jpg 225w, https:\/\/paroisse-notredame-sannedolon.fr\/mypress\/wp-content\/uploads\/2016\/04\/\u00e9glise-Sonnay-113x150.jpg 113w, https:\/\/paroisse-notredame-sannedolon.fr\/mypress\/wp-content\/uploads\/2016\/04\/\u00e9glise-Sonnay.jpg 375w\" sizes=\"(max-width: 225px) 100vw, 225px\" \/><\/p>\n\n\n<p class=\"has-background has-medium-font-size\" style=\"background-color:#8fbfee\"><strong>\u00c9glise Saint Blaise<\/strong><br>Ouverte le mardi matin 9h00\/12h00<\/p>\n\n\n\n<p class=\"has-medium-font-size\"><br>22 D\u00e9cembre 1862<br>L\u2019assembl\u00e9e reconna\u00eet l\u2019urgence de r\u00e9parer et d\u2019agrandir l\u2019\u00e9glise soit pour mettre le public \u00e0 l\u2019abri des accidents auquel le peu de solidit\u00e9 de l\u2019\u00e9difice l\u2019expose journellement, soit pour rendre possible aux paroissiens leur pr\u00e9sence aux offices car tous ne peuvent y assister les dimanche et jours de f\u00eate compte tenu de l&rsquo;exigu\u00eft\u00e9 de l\u2019\u00e9glise.<br>27 Mai 1863<br>Se ralliant \u00e0 de nouvelles r\u00e9solutions, monsieur le maire fait ex\u00e9cuter les plans et devis pour une reconstruction de l\u2019\u00e9glise. Il s\u2019agit de bien r\u00e9fl\u00e9chir si l\u2019on adopte ce nouveau projet face aux ressources dont on pourra disposer. L\u2019assembl\u00e9e reconna\u00eet la n\u00e9cessit\u00e9 d\u2019une construction neuve et \u00e9tudie avec le plus grand soin les documents soumis. Elle les accepte sur tous les points en observant toutefois que si des modifications interviennent au cours de l&rsquo;ex\u00e9cution des travaux, elles feront l\u2019objet d\u2019un rapport de l\u2019architecte surveillant l\u2019entreprise.<br>15 Mars 1866<br>Le conseil municipal est mis au courant d\u2019une exp\u00e9dition de testament re\u00e7ue le 3 Janvier 1866 de Monsieur HOURS notaire \u00e0 Anjou par lequel mademoiselle Marie-Anne LUIZIER domicili\u00e9e \u00e0 Sonnay l\u00e8gue \u00e0 la commune une somme de 500 francs pour l\u2019achat d&rsquo;une cloche. Ce m\u00eame jour, on fixe l\u2019emplacement de la nouvelle \u00e9glise.<br>14 Avril 1867<br>Il est mis en \u00e9vidence les difficult\u00e9s rencontr\u00e9es pour r\u00e9aliser un ensemble neuf compte tenu du d\u00e9nuement le plus complet dans lequel se trouve une commune qui ne peut rien entreprendre sans recourir \u00e0 l\u2019imp\u00f4t. Un projet r\u00e9duit est alors \u00e9tudi\u00e9. En ajournant la construction du clocher, la d\u00e9pense serait ramen\u00e9e \u00e0 24.238 francs 55 centimes. A l\u2019issue de cette r\u00e9union, le conseil municipal d\u00e9cide de s&rsquo;informer aupr\u00e8s du minist\u00e8re des cultes, \u00e0 l\u2019effet d&rsquo;obtenir une allocation prise sur les fonds du budget de l\u2019\u00c9tat qui permettrait un d\u00e9but de construction du clocher.<br>22 D\u00e9cembre 1867<br>Les ressources communales ne permettent pas pour le moment de donner au clocher une \u00e9l\u00e9vation qui formerait un ensemble plus agr\u00e9able \u00e0 la vue. L\u2019assembl\u00e9e d\u00e9cide en accord avec l\u2019architecte de construire celui-ci de fa\u00e7on \u00e0 permettre une sur\u00e9l\u00e9vation future.<br>D\u00e8s lors, la construction partielle du clocher est envisageable gr\u00e2ce aux mat\u00e9riaux que procure la d\u00e9molition de l\u2019ancienne \u00e9glise, lesquels se trouvent \u00e0 proximit\u00e9 de l\u2019oeuvre \u00e0 entreprendre. Les ma\u00eetres et ouvriers ma\u00e7ons pr\u00e9sents dans le village en facilitent le travail.<br>Afin de rendre l\u2019\u00e9glise plus vaste, il conviendrait d\u2019\u00e9largir la nef de 80 centim\u00e8tres et de l\u2019allonger d\u2019un m\u00e8tre. Les chapelles profitant d\u2019un agrandissement semblable. Pour que l\u2019esth\u00e9tique n\u2019en souffre pas, une l\u00e9g\u00e8re \u00e9l\u00e9vation des murs serait n\u00e9cessaire. Le conseil municipal accepte l\u2019agrandissement.<br>Les travaux commenc\u00e9s en Juin 1868 sont suspendus en Novembre de la m\u00eame ann\u00e9e. Ils reprennent avec l\u2019arriv\u00e9e des beaux jours en Mars 1869. Mais \u00e0 peine les travaux repris, la commission de surveillance s\u2019aper\u00e7oit du mauvais vouloir de l\u2019entrepreneur, dont l\u2019ex\u00e9cution est vicieuse (mat\u00e9riaux non conformes, chaux de mauvaise qualit\u00e9).<br>22 Avril 1875<br>Approbation du conseil municipal pour l\u2019ach\u00e8vement de la ma\u00e7onnerie du<br>clocher et installation de la fl\u00e8che.<br>5 Mai 1876<br>Fin de la construction du clocher et mise en place de la fl\u00e8che qui culmine \u00e0 37 m 50 y compris la croix.<br>En 1949<br>Restauration du clocher de l\u2019\u00e9glise par Monsieur MOTTIN entrepreneur sous la direction de Monsieur PIN architecte.<br>En 1982<br>Restauration de l\u2019\u00e9glise et installation d\u2019une horloge \u00e9lectrique L\u2019Entreprise Albert TARET refait toute l\u2019installation \u00e9lectrique de l\u2019\u00e9glise. L\u2019entreprise Maurice NORMAND est charg\u00e9e des travaux de la nef et de la toiture de la sacristie.<br>L\u2019Entreprise Raymond CLAVEL se voit confier les travaux de zinguerie. L\u2019Entreprise Jacques FERLAY refait l\u2019ensemble des peintures. La maison France statuettes offre gracieusement des croix. L\u2019Entreprise PERNOUD d\u2019Annecy installe une horloge \u00e9lectrique au clocher.<br>Liste des pr\u00eatres<br>LACROIX Henri 27 Mai 1891 20 Novembre 1910<br>CRISTIN Baptiste Pierre Andr\u00e9 5 Mars 1911 21 Janvier 1938<br>FRANCELIN Louis Jean Joseph 18 Novembre 1945 5 Septembre 1992<br>P\u00e8re FANGET <br>VANAUDENHOVE Andr\u00e9 de 1992 \u00e0 2006.<br>BEREKE Gr\u00e9goire en 2006.<br>LEFEBVRE Jean-Claude jusqu&rsquo;en 2018<br>MALRAISON Jean-Hugues 2018 \u00e0 2024<br>MOUDILOU Armand depuis septembre 2024.<\/p>\n\n\n\n<figure class=\"wp-block-image size-large\"><img decoding=\"async\" width=\"1024\" height=\"577\" data-attachment-id=\"10831\" data-permalink=\"https:\/\/paroisse-notredame-sannedolon.fr\/index.php\/nos-clochers\/sonnay\/eglise-sonnay-2\/\" data-orig-file=\"https:\/\/paroisse-notredame-sannedolon.fr\/mypress\/wp-content\/uploads\/2025\/11\/eglise-Sonnay.jpg\" data-orig-size=\"2048,1154\" data-comments-opened=\"1\" data-image-meta=\"{&quot;aperture&quot;:&quot;0&quot;,&quot;credit&quot;:&quot;&quot;,&quot;camera&quot;:&quot;&quot;,&quot;caption&quot;:&quot;&quot;,&quot;created_timestamp&quot;:&quot;0&quot;,&quot;copyright&quot;:&quot;&quot;,&quot;focal_length&quot;:&quot;0&quot;,&quot;iso&quot;:&quot;0&quot;,&quot;shutter_speed&quot;:&quot;0&quot;,&quot;title&quot;:&quot;&quot;,&quot;orientation&quot;:&quot;0&quot;}\" data-image-title=\"eglise Sonnay\" data-image-description=\"\" data-image-caption=\"\" data-large-file=\"https:\/\/paroisse-notredame-sannedolon.fr\/mypress\/wp-content\/uploads\/2025\/11\/eglise-Sonnay-1024x577.jpg\" src=\"https:\/\/paroisse-notredame-sannedolon.fr\/mypress\/wp-content\/uploads\/2025\/11\/eglise-Sonnay-1024x577.jpg\" alt=\"\" class=\"wp-image-10831\" srcset=\"https:\/\/paroisse-notredame-sannedolon.fr\/mypress\/wp-content\/uploads\/2025\/11\/eglise-Sonnay-1024x577.jpg 1024w, https:\/\/paroisse-notredame-sannedolon.fr\/mypress\/wp-content\/uploads\/2025\/11\/eglise-Sonnay-300x169.jpg 300w, https:\/\/paroisse-notredame-sannedolon.fr\/mypress\/wp-content\/uploads\/2025\/11\/eglise-Sonnay-1536x866.jpg 1536w, https:\/\/paroisse-notredame-sannedolon.fr\/mypress\/wp-content\/uploads\/2025\/11\/eglise-Sonnay-150x85.jpg 150w, https:\/\/paroisse-notredame-sannedolon.fr\/mypress\/wp-content\/uploads\/2025\/11\/eglise-Sonnay-250x141.jpg 250w, https:\/\/paroisse-notredame-sannedolon.fr\/mypress\/wp-content\/uploads\/2025\/11\/eglise-Sonnay-1320x744.jpg 1320w, https:\/\/paroisse-notredame-sannedolon.fr\/mypress\/wp-content\/uploads\/2025\/11\/eglise-Sonnay.jpg 2048w\" sizes=\"(max-width: 1024px) 100vw, 1024px\" \/><\/figure>\n","protected":false},"excerpt":{"rendered":"<p>\u00c9glise Saint BlaiseOuverte le mardi matin 9h00\/12h00 22 D\u00e9cembre 1862L\u2019assembl\u00e9e reconna\u00eet l\u2019urgence de r\u00e9parer et d\u2019agrandir l\u2019\u00e9glise soit pour mettre le public \u00e0 l\u2019abri des accidents auquel le peu de solidit\u00e9 de l\u2019\u00e9difice l\u2019expose journellement, soit pour rendre possible aux paroissiens leur pr\u00e9sence aux offices car tous ne peuvent y \u2026 <a class=\"continue-reading-link\" href=\"https:\/\/paroisse-notredame-sannedolon.fr\/index.php\/nos-clochers\/sonnay\/\">Lire la suite <span class=\"meta-nav\">&rarr; <\/span><\/a><\/p>\n","protected":false},"author":1,"featured_media":0,"parent":27,"menu_order":0,"comment_status":"closed","ping_status":"closed","template":"","meta":{"jetpack_post_was_ever_published":false,"footnotes":""},"class_list":["post-50","page","type-page","status-publish","hentry"],"jetpack_sharing_enabled":true,"jetpack_shortlink":"https:\/\/wp.me\/P7rrt2-O","_links":{"self":[{"href":"https:\/\/paroisse-notredame-sannedolon.fr\/index.php\/wp-json\/wp\/v2\/pages\/50","targetHints":{"allow":["GET"]}}],"collection":[{"href":"https:\/\/paroisse-notredame-sannedolon.fr\/index.php\/wp-json\/wp\/v2\/pages"}],"about":[{"href":"https:\/\/paroisse-notredame-sannedolon.fr\/index.php\/wp-json\/wp\/v2\/types\/page"}],"author":[{"embeddable":true,"href":"https:\/\/paroisse-notredame-sannedolon.fr\/index.php\/wp-json\/wp\/v2\/users\/1"}],"replies":[{"embeddable":true,"href":"https:\/\/paroisse-notredame-sannedolon.fr\/index.php\/wp-json\/wp\/v2\/comments?post=50"}],"version-history":[{"count":12,"href":"https:\/\/paroisse-notredame-sannedolon.fr\/index.php\/wp-json\/wp\/v2\/pages\/50\/revisions"}],"predecessor-version":[{"id":10862,"href":"https:\/\/paroisse-notredame-sannedolon.fr\/index.php\/wp-json\/wp\/v2\/pages\/50\/revisions\/10862"}],"up":[{"embeddable":true,"href":"https:\/\/paroisse-notredame-sannedolon.fr\/index.php\/wp-json\/wp\/v2\/pages\/27"}],"wp:attachment":[{"href":"https:\/\/paroisse-notredame-sannedolon.fr\/index.php\/wp-json\/wp\/v2\/media?parent=50"}],"curies":[{"name":"wp","href":"https:\/\/api.w.org\/{rel}","templated":true}]}}