{"id":4868,"date":"2019-11-24T09:43:43","date_gmt":"2019-11-24T08:43:43","guid":{"rendered":"https:\/\/paroisse-notredame-sannedolon.fr\/?page_id=4868"},"modified":"2024-11-26T14:22:38","modified_gmt":"2024-11-26T13:22:38","slug":"secours-catholique","status":"publish","type":"page","link":"https:\/\/paroisse-notredame-sannedolon.fr\/index.php\/autres-activites\/secours-catholique\/","title":{"rendered":"Secours catholique"},"content":{"rendered":"\n<div class=\"wp-block-media-text alignwide is-stacked-on-mobile\"><figure class=\"wp-block-media-text__media\"><img decoding=\"async\" width=\"140\" height=\"144\" data-attachment-id=\"4274\" data-permalink=\"https:\/\/paroisse-notredame-sannedolon.fr\/index.php\/accueil\/logo-secours-catholique\/\" data-orig-file=\"https:\/\/paroisse-notredame-sannedolon.fr\/mypress\/wp-content\/uploads\/2019\/04\/logo-secours-catholique.jpg\" data-orig-size=\"140,144\" data-comments-opened=\"1\" data-image-meta=\"{&quot;aperture&quot;:&quot;0&quot;,&quot;credit&quot;:&quot;&quot;,&quot;camera&quot;:&quot;&quot;,&quot;caption&quot;:&quot;&quot;,&quot;created_timestamp&quot;:&quot;0&quot;,&quot;copyright&quot;:&quot;&quot;,&quot;focal_length&quot;:&quot;0&quot;,&quot;iso&quot;:&quot;0&quot;,&quot;shutter_speed&quot;:&quot;0&quot;,&quot;title&quot;:&quot;&quot;,&quot;orientation&quot;:&quot;0&quot;}\" data-image-title=\"logo secours catholique\" data-image-description=\"\" data-image-caption=\"\" data-large-file=\"https:\/\/paroisse-notredame-sannedolon.fr\/mypress\/wp-content\/uploads\/2019\/04\/logo-secours-catholique.jpg\" src=\"https:\/\/paroisse-notredame-sannedolon.fr\/mypress\/wp-content\/uploads\/2019\/04\/logo-secours-catholique.jpg\" alt=\"\" class=\"wp-image-4274 size-full\"\/><\/figure><div class=\"wp-block-media-text__content\">\n<p style=\"font-size:24px\">\nLutter contre la pauvret\u00e9 en accompagnant, en impliquant et en faisant participer les plus fragiles.\n\n<\/p>\n<\/div><\/div>\n\n\n\n<p class=\"has-medium-font-size\"><em><strong>En tant que service de l\u2019\u00c9glise catholique qui a pour mission de soutenir les plus fragiles, l\u2019\u00e9quipe locale du Secours Catholique de Roussillon, en lien \u00e9troit avec la D\u00e9l\u00e9gation de l&rsquo;Is\u00e8re, se mobilise pour venir en aide aux plus d\u00e9munis de notre secteur.<\/strong><\/em><br><em><strong>Riche d&rsquo;une quarantaine de b\u00e9n\u00e9voles, notre \u00e9quipe a d&rsquo;abord une mission d&rsquo;accueil et d&rsquo;accompagnement de toute personne en difficult\u00e9, morale ou mat\u00e9rielle, sans distinction d&rsquo;origine, de nationalit\u00e9, de religion.<\/strong><\/em><br><em><strong>Au sein de l&rsquo;\u00e9quipe, chaque b\u00e9n\u00e9vole prend conscience de la n\u00e9cessit\u00e9 d&rsquo;aider l&rsquo;autre et d&rsquo;agir avec lui, dans un esprit de solidarit\u00e9. Les 3 piliers de notre action\u00a0sont : la confiance, l&rsquo;engagement et la fraternit\u00e9.<\/strong><\/em><\/p>\n\n\n\n<p class=\"has-medium-font-size\"><strong>Liens : <\/strong><\/p>\n\n\n\n<ul class=\"has-medium-font-size wp-block-list\"><li><strong>Site national\u00a0:<\/strong> <a href=\"https:\/\/www.secours-catholique.org\/\">https:\/\/www.secours-catholique.org\/<\/a><\/li><li><strong>D\u00e9l\u00e9gation de l&rsquo;Is\u00e8re\u00a0: <a href=\"http:\/\/isere.secours-catholique.org\/\">http:\/\/isere.secours-catholique.org\/<\/a><\/strong><\/li><\/ul>\n\n\n\n<p class=\"has-text-align-center has-vivid-cyan-blue-color has-text-color has-medium-font-size\"><strong>Lutter contre la pauvret\u00e9 en accompagnant, <\/strong><br><strong>en impliquant et en faisant participer les plus fragiles.<\/strong><br><\/p>\n\n\n\n<p class=\"has-medium-font-size\"><strong>Nos activit\u00e9s\u00a0:<\/strong><br><strong>Les mercredis et vendredis de 13h30 \u00e0 16h30\u00a0:<\/strong><\/p>\n\n\n\n<ul class=\"has-medium-font-size wp-block-list\"><li><strong>Accueil Caf\u00e9\u00a0: <\/strong>espace de rencontre et de convivialit\u00e9 autour d&rsquo;un caf\u00e9, th\u00e9, \u2026<\/li><li><strong>Accueil-\u00c9coute<\/strong>: pour accueillir les plus d\u00e9munis, les \u00e9couter, les orienter et les aider dans l&rsquo;urgence (distribution de colis\u00a0: alimentation, hygi\u00e8ne, v\u00eatements, \u2026).<\/li><li><strong>Boutique solidaire<\/strong>: ouverte \u00e0 tous\u00a0; pour d\u00e9velopper la solidarit\u00e9 entre donateurs et personnes fragiles (vente \u00e0 bas prix de v\u00eatements, chaussures, linge de maison, \u2026).<\/li><li><strong>Marche\u00a0<\/strong>: pour \u00e9changer et faire connaissance : dates\/horaires en fonction des participants (1 fois par mois, souvent les jeudis de 13h30 \u00e0 16h)<strong>Soutien scolaire\u00a0<\/strong>: pour aider les familles modestes dans l&rsquo;\u00e9ducation scolaire de leurs jeunes enfants (primaires)\u00a0; lieu (au local ou \u00e0 domicile) et horaire en accord avec les parents.<\/li><li><strong>Brocantes\u00a0:<\/strong> une \u00e0 deux fois par an (printemps, automne).<\/li><li><strong>Braderie jouets\u00a0: <\/strong>d\u00e9but d\u00e9cembre.<\/li><li><strong>Tricot-Couture<\/strong>\u00a0: \u00e0 l&rsquo;arr\u00eat pour le moment cause covid.<\/li><li><strong>D\u00e9p\u00f4t <\/strong>de v\u00eatements, vaisselle, linge, bibelots, jeux, jouets, livres : mardis, mercredis et vendredis de 13h30 \u00e0 16h30 au local.<\/li><\/ul>\n\n\n\n<p class=\"has-medium-font-size\"><em>Tous les nouveaux b\u00e9n\u00e9voles sont les bienvenus\u00a0(m\u00eame si vous n&rsquo;avez que quelques heures par mois de disponibles)\u00a0: vous pouvez nous contacter en venant au local les jours d&rsquo;ouverture (mercredis ou vendredis apr\u00e8s-midi), par t\u00e9l. au 04 74 29 67 11 (laisser un message) ou par mail\u00a0:<\/em> <a href=\"mailto:roussillon.secourscatholique@sfr.fr\"><em>roussillon.secourscatholique@sfr.fr<\/em><\/a><\/p>\n\n\n\n<p class=\"has-text-align-center has-medium-font-size\"><strong>\u00c9quipe locale de ROUSSILLON<\/strong><br>Antenne de Roussillon<br>6 rue Jean Moulin<br>38150 ROUSSILLON<br>TEL: 04 74 29 67 11<br>Email: <a href=\"mailto:roussillon.secourscatholique@sfr.fr\">roussillon.secourscatholique@sfr.fr<\/a><\/p>\n","protected":false},"excerpt":{"rendered":"<p>Lutter contre la pauvret\u00e9 en accompagnant, en impliquant et en faisant participer les plus fragiles. En tant que service de l\u2019\u00c9glise catholique qui a pour mission de soutenir les plus fragiles, l\u2019\u00e9quipe locale du Secours Catholique de Roussillon, en lien \u00e9troit avec la D\u00e9l\u00e9gation de l&rsquo;Is\u00e8re, se mobilise pour venir \u2026 <a class=\"continue-reading-link\" href=\"https:\/\/paroisse-notredame-sannedolon.fr\/index.php\/autres-activites\/secours-catholique\/\">Lire la suite <span class=\"meta-nav\">&rarr; <\/span><\/a><\/p>\n","protected":false},"author":1,"featured_media":0,"parent":118,"menu_order":0,"comment_status":"closed","ping_status":"closed","template":"","meta":{"footnotes":""},"class_list":["post-4868","page","type-page","status-publish","hentry"],"jetpack_sharing_enabled":true,"jetpack_shortlink":"https:\/\/wp.me\/P7rrt2-1gw","_links":{"self":[{"href":"https:\/\/paroisse-notredame-sannedolon.fr\/index.php\/wp-json\/wp\/v2\/pages\/4868","targetHints":{"allow":["GET"]}}],"collection":[{"href":"https:\/\/paroisse-notredame-sannedolon.fr\/index.php\/wp-json\/wp\/v2\/pages"}],"about":[{"href":"https:\/\/paroisse-notredame-sannedolon.fr\/index.php\/wp-json\/wp\/v2\/types\/page"}],"author":[{"embeddable":true,"href":"https:\/\/paroisse-notredame-sannedolon.fr\/index.php\/wp-json\/wp\/v2\/users\/1"}],"replies":[{"embeddable":true,"href":"https:\/\/paroisse-notredame-sannedolon.fr\/index.php\/wp-json\/wp\/v2\/comments?post=4868"}],"version-history":[{"count":12,"href":"https:\/\/paroisse-notredame-sannedolon.fr\/index.php\/wp-json\/wp\/v2\/pages\/4868\/revisions"}],"predecessor-version":[{"id":9440,"href":"https:\/\/paroisse-notredame-sannedolon.fr\/index.php\/wp-json\/wp\/v2\/pages\/4868\/revisions\/9440"}],"up":[{"embeddable":true,"href":"https:\/\/paroisse-notredame-sannedolon.fr\/index.php\/wp-json\/wp\/v2\/pages\/118"}],"wp:attachment":[{"href":"https:\/\/paroisse-notredame-sannedolon.fr\/index.php\/wp-json\/wp\/v2\/media?parent=4868"}],"curies":[{"name":"wp","href":"https:\/\/api.w.org\/{rel}","templated":true}]}}