{"id":27,"date":"2016-04-11T19:37:56","date_gmt":"2016-04-11T18:37:56","guid":{"rendered":"http:\/\/paroisse-notredame-sannedolon.fr\/?page_id=27"},"modified":"2025-09-30T13:36:30","modified_gmt":"2025-09-30T12:36:30","slug":"nos-clochers","status":"publish","type":"page","link":"https:\/\/paroisse-notredame-sannedolon.fr\/index.php\/nos-clochers\/","title":{"rendered":"Nos Clochers"},"content":{"rendered":"<p>La Paroisse Notre Dame des Sources en Sanne-Dolon \u00e0 \u00e9t\u00e9 cr\u00e9\u00e9e en 2003, regroupant les clochers d&rsquo;Agnin, Anjou, Assieu, Boug\u00e9, Chambalud, La Chapelle de Surieu, Saint Romain de Surieu, Sonnay, Ville-sous-Anjou.<br \/>Le P\u00e8re Andr\u00e9 sera le cur\u00e9 de la Paroisse et en 2006, Andr\u00e9 fait valoir ses droits \u00e0 la retraite mais continue son minist\u00e8re. Il est remplac\u00e9, partiellement, par le p\u00e8re Gr\u00e9goire qui a regagn\u00e9 son pays d&rsquo;origine (le Rwanda) et c&rsquo;est le p\u00e8re Jean-Claude Lefebvre qui lui a succ\u00e9d\u00e9 en 2007, tout en ayant en charge la paroisse de Saint-Pierre en Pays roussillonnais.<br \/>Le P\u00e8re Jean-Hugues Malraison assumera la fonction de cur\u00e9 des deux paroisses \u00e0 partir de septembre 2018.<br \/>La paroisse Notre-Dame des Sources en Sanne-Dolon, ainsi que la paroisse St Pierre en Pays Rousillonais, sont sous la responsabilit\u00e9 du P\u00e8re Armand Moudilou depuis septembre 2024.<\/p>\n\n\n<p><a href=\"https:\/\/paroisse-notredame-sannedolon.fr\/index.php\/2016\/06\/06\/creation-du-logo-de-la-paroisse\/\" data-type=\"post\" data-id=\"282\">Cr\u00e9ation du logo de la Paroisse<\/a><\/p>\n\n\n\n<p><\/p>\n","protected":false},"excerpt":{"rendered":"<p>La Paroisse Notre Dame des Sources en Sanne-Dolon \u00e0 \u00e9t\u00e9 cr\u00e9\u00e9e en 2003, regroupant les clochers d&rsquo;Agnin, Anjou, Assieu, Boug\u00e9, Chambalud, La Chapelle de Surieu, Saint Romain de Surieu, Sonnay, Ville-sous-Anjou.Le P\u00e8re Andr\u00e9 sera le cur\u00e9 de la Paroisse et en 2006, Andr\u00e9 fait valoir ses droits \u00e0 la retraite \u2026 <a class=\"continue-reading-link\" href=\"https:\/\/paroisse-notredame-sannedolon.fr\/index.php\/nos-clochers\/\">Lire la suite <span class=\"meta-nav\">&rarr; <\/span><\/a><\/p>\n","protected":false},"author":1,"featured_media":0,"parent":0,"menu_order":0,"comment_status":"closed","ping_status":"closed","template":"","meta":{"jetpack_post_was_ever_published":false,"footnotes":""},"class_list":["post-27","page","type-page","status-publish","hentry"],"jetpack_sharing_enabled":true,"jetpack_shortlink":"https:\/\/wp.me\/P7rrt2-r","_links":{"self":[{"href":"https:\/\/paroisse-notredame-sannedolon.fr\/index.php\/wp-json\/wp\/v2\/pages\/27","targetHints":{"allow":["GET"]}}],"collection":[{"href":"https:\/\/paroisse-notredame-sannedolon.fr\/index.php\/wp-json\/wp\/v2\/pages"}],"about":[{"href":"https:\/\/paroisse-notredame-sannedolon.fr\/index.php\/wp-json\/wp\/v2\/types\/page"}],"author":[{"embeddable":true,"href":"https:\/\/paroisse-notredame-sannedolon.fr\/index.php\/wp-json\/wp\/v2\/users\/1"}],"replies":[{"embeddable":true,"href":"https:\/\/paroisse-notredame-sannedolon.fr\/index.php\/wp-json\/wp\/v2\/comments?post=27"}],"version-history":[{"count":9,"href":"https:\/\/paroisse-notredame-sannedolon.fr\/index.php\/wp-json\/wp\/v2\/pages\/27\/revisions"}],"predecessor-version":[{"id":10625,"href":"https:\/\/paroisse-notredame-sannedolon.fr\/index.php\/wp-json\/wp\/v2\/pages\/27\/revisions\/10625"}],"wp:attachment":[{"href":"https:\/\/paroisse-notredame-sannedolon.fr\/index.php\/wp-json\/wp\/v2\/media?parent=27"}],"curies":[{"name":"wp","href":"https:\/\/api.w.org\/{rel}","templated":true}]}}