{"id":2655,"date":"2018-01-12T14:21:01","date_gmt":"2018-01-12T13:21:01","guid":{"rendered":"http:\/\/paroisse-notredame-sannedolon.fr\/?page_id=2655"},"modified":"2025-09-28T15:20:08","modified_gmt":"2025-09-28T14:20:08","slug":"bapteme-2","status":"publish","type":"page","link":"https:\/\/paroisse-notredame-sannedolon.fr\/index.php\/bapteme-2\/","title":{"rendered":"Bapt\u00eame"},"content":{"rendered":"\n<div class=\"wp-block-media-text alignwide is-stacked-on-mobile\"><figure class=\"wp-block-media-text__media\"><img fetchpriority=\"high\" decoding=\"async\" width=\"500\" height=\"333\" data-attachment-id=\"646\" data-permalink=\"https:\/\/paroisse-notredame-sannedolon.fr\/bapteme-dalexis-delisle-3\/\" data-orig-file=\"https:\/\/paroisse-notredame-sannedolon.fr\/mypress\/wp-content\/uploads\/2016\/09\/bapteme_source_flickr_norm-9e1a3.jpg\" data-orig-size=\"500,333\" data-comments-opened=\"1\" data-image-meta=\"{&quot;aperture&quot;:&quot;4.5&quot;,&quot;credit&quot;:&quot;Eric Senterre&quot;,&quot;camera&quot;:&quot;Canon EOS DIGITAL REBEL XT&quot;,&quot;caption&quot;:&quot;&quot;,&quot;created_timestamp&quot;:&quot;1247400393&quot;,&quot;copyright&quot;:&quot;&quot;,&quot;focal_length&quot;:&quot;45&quot;,&quot;iso&quot;:&quot;1600&quot;,&quot;shutter_speed&quot;:&quot;0.01&quot;,&quot;title&quot;:&quot;Bapt\\u00eame d&#039;Alexis Delisle&quot;,&quot;orientation&quot;:&quot;1&quot;}\" data-image-title=\"Bapt\u00eame d&amp;rsquo;Alexis Delisle\" data-image-description=\"\" data-image-caption=\"\" data-large-file=\"https:\/\/paroisse-notredame-sannedolon.fr\/mypress\/wp-content\/uploads\/2016\/09\/bapteme_source_flickr_norm-9e1a3.jpg\" src=\"https:\/\/paroisse-notredame-sannedolon.fr\/mypress\/wp-content\/uploads\/2016\/09\/bapteme_source_flickr_norm-9e1a3.jpg\" alt=\"\" class=\"wp-image-646 size-full\" srcset=\"https:\/\/paroisse-notredame-sannedolon.fr\/mypress\/wp-content\/uploads\/2016\/09\/bapteme_source_flickr_norm-9e1a3.jpg 500w, https:\/\/paroisse-notredame-sannedolon.fr\/mypress\/wp-content\/uploads\/2016\/09\/bapteme_source_flickr_norm-9e1a3-300x200.jpg 300w, https:\/\/paroisse-notredame-sannedolon.fr\/mypress\/wp-content\/uploads\/2016\/09\/bapteme_source_flickr_norm-9e1a3-150x100.jpg 150w\" sizes=\"(max-width: 500px) 100vw, 500px\" \/><\/figure><div class=\"wp-block-media-text__content\">\n<p style=\"font-size:18px\"><strong>Le bapt\u00eame est le sacrement le plus beau qui puisse \u00eatre donn\u00e9. Par le bapt\u00eame, l\u2019enfant entre dans la famille de Dieu. Son nom est inscrit dans les cieux, et personne ne pourra le lui enlever. Lors du grand passage, en arrivant dans la maison du P\u00e8re, il sera reconnu\u2026<\/strong><\/p>\n<\/div><\/div>\n\n\n\n\n\n<p class=\"has-medium-font-size\">Le Christ lui-m\u00eame s\u2019est fait baptiser et nous a montr\u00e9 le chemin. Il ne s\u2019est pas baptis\u00e9 tout seul, comme nous ne pouvons pas nous baptiser nous-m\u00eames. C\u2019est l\u00e0 toute la beaut\u00e9 de notre religion\u00a0: on devient chr\u00e9tien quand un autre nous reconnait comme tel\u2026<br>Lors de la c\u00e9r\u00e9monie, qui a lieu le samedi matin, ou \u00e0 la demande le dimanche matin, la famille est accueillie par le pr\u00eatre ou le diacre qui va baptiser l\u2019enfant. Cet enfant, trop jeune, ne peut r\u00e9pondre \u00e0 son d\u00e9sir de se faire baptiser. Ce sont donc ses parents et parrain marraine qui vont s\u2019engager pour lui.<br>Les parents de l\u2019enfant peuvent ne pas \u00eatre baptis\u00e9s. Mais il faut au moins un parrain\/marraine sur les deux qui le soit.<br><strong>La c\u00e9r\u00e9monie de bapt\u00eame<\/strong> est charg\u00e9e de nombreux symboles, qui nous viennent de tr\u00e8s loin\u00a0: de J\u00e9sus Christ, et parfois des grands proph\u00e8tes\u00a0: On transmet la lumi\u00e8re, on rev\u00eat le v\u00eatement blanc, on signe avec le Saint Chr\u00eame, on impose les mains, on baptise avec de l\u2019eau\u2026l\u2019eau de la vie\u2026l\u2019eau b\u00e9nite par le c\u00e9l\u00e9brant qui a prononc\u00e9 les paroles de b\u00e9n\u00e9diction et qui a demand\u00e9, de tout son c\u0153ur et de toute sa force, \u00e0 Dieu de poser son regard sur cette eau\u2026<br><strong>Si vous souhaiter faire baptiser votre enfant<\/strong>, il faut en faire la demande aupr\u00e8s de la paroisse Saint Pierre en pays roussillonnais qui regroupe les demandes\u00a0:<br>Pascale GUILHARD y r\u00e9pond au 04 74 86 29 57 les mardis matins de 9h30 \u00e0 11h.<br>C\u2019est bien de faire la demande 3 mois au moins avant la date choisie. Le lieu et le jour sont fix\u00e9s en accord avec la disponibilit\u00e9 de l\u2019\u00e9glise, et celle du c\u00e9l\u00e9brant.<br>Vous serez alors convi\u00e9s \u00e0 une r\u00e9union de groupe (6 \u00e0 10 familles) pour r\u00e9fl\u00e9chir sur le sacrement de bapt\u00eame, qui aura lieu soit un mardi soir \u00e0 Roussillon, soit un vendredi soir \u00e0 Anjou, \u00e0 votre convenance.<br>Puis vous aurez une rencontre avec le c\u00e9l\u00e9brant pour pr\u00e9parer la c\u00e9l\u00e9bration. Il peut y avoir deux familles qui font baptiser leur enfant dans une m\u00eame c\u00e9l\u00e9bration.<br>&#8211; <strong>A partir de 6 ans<\/strong>, les parents qui demandent le bapt\u00eame pour leur enfant doivent contacter la responsable de la cat\u00e9ch\u00e8se\u00a0: Blandine DUC\u00a0: 04 27 69 91 72.<br>La pr\u00e9paration se fera au sein du groupe de cat\u00e9ch\u00e8se.<br>&#8211; <strong>Pour les coll\u00e9giens ou les lyc\u00e9ens<\/strong> : Des jeunes de plus en plus nombreux demandent le bapt\u00eame spontan\u00e9ment, dans le cadre d\u2019une Aum\u00f4nerie de l\u2019enseignement public ou d\u2019un \u00e9tablissement catholique. C\u2019est un \u00e2ge o\u00f9, avec leur g\u00e9n\u00e9ration, ils peuvent se poser des questions sur la foi chr\u00e9tienne et choisir d\u2019\u00eatre chr\u00e9tiens. Les contacts\u00a0:<br>\u2013 Aum\u00f4nerie des coll\u00e8ges et lyc\u00e9es de l&rsquo;enseignement public (B\u00e9n\u00e9dicte Hoarau ou K\u00e9vin Juan <a href=\"mailto:aumonerie.pspepr@gmail.com\" target=\"_blank\" rel=\"noreferrer noopener\">aumonerie.pspepr@gmail.com<\/a>).<br>\u2013 Aum\u00f4nerie du Centre Scolaire Jeanne d&rsquo;Arc au 04 74 86 28 38 et demander Mme Soline TEISSERENC.<br><strong>Pour les adultes<\/strong>\u00a0: Le cat\u00e9chum\u00e9nat des adultes est un chemin propos\u00e9 par l\u2019\u00c9glise \u00e0 toute personne qui cherche Dieu et d\u00e9sire devenir chr\u00e9tien en se pr\u00e9parant au bapt\u00eame. Vous pouvez en parler \u00e0 un pr\u00eatre ou un diacre de la paroisse<\/p>\n\n\n\n<p><\/p>\n","protected":false},"excerpt":{"rendered":"<p>Le bapt\u00eame est le sacrement le plus beau qui puisse \u00eatre donn\u00e9. Par le bapt\u00eame, l\u2019enfant entre dans la famille de Dieu. Son nom est inscrit dans les cieux, et personne ne pourra le lui enlever. Lors du grand passage, en arrivant dans la maison du P\u00e8re, il sera reconnu\u2026 \u2026 <a class=\"continue-reading-link\" href=\"https:\/\/paroisse-notredame-sannedolon.fr\/index.php\/bapteme-2\/\">Lire la suite <span class=\"meta-nav\">&rarr; <\/span><\/a><\/p>\n","protected":false},"author":1,"featured_media":0,"parent":0,"menu_order":0,"comment_status":"closed","ping_status":"closed","template":"","meta":{"footnotes":""},"class_list":["post-2655","page","type-page","status-publish","hentry"],"jetpack_sharing_enabled":true,"jetpack_shortlink":"https:\/\/wp.me\/P7rrt2-GP","_links":{"self":[{"href":"https:\/\/paroisse-notredame-sannedolon.fr\/index.php\/wp-json\/wp\/v2\/pages\/2655","targetHints":{"allow":["GET"]}}],"collection":[{"href":"https:\/\/paroisse-notredame-sannedolon.fr\/index.php\/wp-json\/wp\/v2\/pages"}],"about":[{"href":"https:\/\/paroisse-notredame-sannedolon.fr\/index.php\/wp-json\/wp\/v2\/types\/page"}],"author":[{"embeddable":true,"href":"https:\/\/paroisse-notredame-sannedolon.fr\/index.php\/wp-json\/wp\/v2\/users\/1"}],"replies":[{"embeddable":true,"href":"https:\/\/paroisse-notredame-sannedolon.fr\/index.php\/wp-json\/wp\/v2\/comments?post=2655"}],"version-history":[{"count":26,"href":"https:\/\/paroisse-notredame-sannedolon.fr\/index.php\/wp-json\/wp\/v2\/pages\/2655\/revisions"}],"predecessor-version":[{"id":10544,"href":"https:\/\/paroisse-notredame-sannedolon.fr\/index.php\/wp-json\/wp\/v2\/pages\/2655\/revisions\/10544"}],"wp:attachment":[{"href":"https:\/\/paroisse-notredame-sannedolon.fr\/index.php\/wp-json\/wp\/v2\/media?parent=2655"}],"curies":[{"name":"wp","href":"https:\/\/api.w.org\/{rel}","templated":true}]}}