{"id":245,"date":"2016-06-05T20:40:50","date_gmt":"2016-06-05T19:40:50","guid":{"rendered":"http:\/\/paroisse-notredame-sannedolon.fr\/?page_id=245"},"modified":"2025-11-22T22:20:14","modified_gmt":"2025-11-22T21:20:14","slug":"bouge","status":"publish","type":"page","link":"https:\/\/paroisse-notredame-sannedolon.fr\/index.php\/nos-clochers\/bouge\/","title":{"rendered":"Boug\u00e9"},"content":{"rendered":"\n<p class=\"has-background has-medium-font-size\" style=\"background-color:#7eadcc\"><strong>\u00c9glise Notre Dame de l\u2019Assomption<\/strong><br>Ouverte : Samedi 9h30\/17h30<br>Dimanche 9h30\/17h30<br>Les horaires peuvent varier selon disponibilit\u00e9, saison,m\u00e9t\u00e9o.<br><\/p>\n\n\n\n<div class=\"wp-block-media-text has-media-on-the-right is-stacked-on-mobile\"><div class=\"wp-block-media-text__content\">\n<p class=\"has-medium-font-size\"><br>C\u2019est au X\u00b0 \u00a0entre 903 et 950 que le Conte Frondac fit construire les \u00e9glises de Boug\u00e9 et de Surieu pour expier sa faute.<br>En effet, il avait re\u00e7u la tutelle de Mathilde, fille du conte Guiscart (Conseiller roi de Provence puis d\u2019Italie). Mathilde refusa par son amour en lui pr\u00e9f\u00e9rant un jeune chevalier. Frodac c\u00e9da et les maria mais mura la chambre nuptiale provoquant la mort des \u00e9poux.<br>Le lieu d\u2019\u00e9dification est situ\u00e9 sur un temple romain (on retrouve deux pierres de r\u00e9emploie)<br>On retrouve une architecture lombarde et sa fa\u00e7ade se termine par un fronton triangulaire.<\/p>\n<\/div><figure class=\"wp-block-media-text__media\"><img fetchpriority=\"high\" decoding=\"async\" width=\"577\" height=\"1024\" data-attachment-id=\"10939\" data-permalink=\"https:\/\/paroisse-notredame-sannedolon.fr\/1000068516\/\" data-orig-file=\"https:\/\/paroisse-notredame-sannedolon.fr\/mypress\/wp-content\/uploads\/2025\/11\/1000068516-scaled-e1763845894489.jpg\" data-orig-size=\"675,1200\" data-comments-opened=\"1\" data-image-meta=\"{&quot;aperture&quot;:&quot;2.2&quot;,&quot;credit&quot;:&quot;&quot;,&quot;camera&quot;:&quot;SM-G990B2&quot;,&quot;caption&quot;:&quot;&quot;,&quot;created_timestamp&quot;:&quot;1763715635&quot;,&quot;copyright&quot;:&quot;&quot;,&quot;focal_length&quot;:&quot;1.74&quot;,&quot;iso&quot;:&quot;32&quot;,&quot;shutter_speed&quot;:&quot;0.005597328&quot;,&quot;title&quot;:&quot;&quot;,&quot;orientation&quot;:&quot;1&quot;}\" data-image-title=\"Eglise de Boug\u00e9\" data-image-description=\"\" data-image-caption=\"\" data-large-file=\"https:\/\/paroisse-notredame-sannedolon.fr\/mypress\/wp-content\/uploads\/2025\/11\/1000068516-577x1024.jpg\" src=\"https:\/\/paroisse-notredame-sannedolon.fr\/mypress\/wp-content\/uploads\/2025\/11\/1000068516-577x1024.jpg\" alt=\"\" class=\"wp-image-10939 size-full\"\/><\/figure><\/div>\n\n\n\n<p><\/p>\n\n\n<div class=\"wp-block-image\">\n<figure class=\"aligncenter size-full\"><img decoding=\"async\" width=\"500\" height=\"375\" data-attachment-id=\"247\" data-permalink=\"https:\/\/paroisse-notredame-sannedolon.fr\/index.php\/nos-clochers\/bouge\/eglise-bouge-2\/\" data-orig-file=\"https:\/\/paroisse-notredame-sannedolon.fr\/mypress\/wp-content\/uploads\/2016\/06\/\u00e9glise-Boug\u00e9-2-.jpg\" data-orig-size=\"500,375\" data-comments-opened=\"1\" data-image-meta=\"{&quot;aperture&quot;:&quot;7.1&quot;,&quot;credit&quot;:&quot;&quot;,&quot;camera&quot;:&quot;DSC-W55&quot;,&quot;caption&quot;:&quot;&quot;,&quot;created_timestamp&quot;:&quot;1366301007&quot;,&quot;copyright&quot;:&quot;&quot;,&quot;focal_length&quot;:&quot;6.3&quot;,&quot;iso&quot;:&quot;100&quot;,&quot;shutter_speed&quot;:&quot;0.002&quot;,&quot;title&quot;:&quot;&quot;,&quot;orientation&quot;:&quot;1&quot;}\" data-image-title=\"\u00e9glise Boug\u00e9 2\" data-image-description=\"\" data-image-caption=\"\" data-large-file=\"https:\/\/paroisse-notredame-sannedolon.fr\/mypress\/wp-content\/uploads\/2016\/06\/\u00e9glise-Boug\u00e9-2-.jpg\" src=\"https:\/\/paroisse-notredame-sannedolon.fr\/mypress\/wp-content\/uploads\/2016\/06\/\u00e9glise-Boug\u00e9-2-.jpg\" alt=\"\" class=\"wp-image-247\" srcset=\"https:\/\/paroisse-notredame-sannedolon.fr\/mypress\/wp-content\/uploads\/2016\/06\/\u00e9glise-Boug\u00e9-2-.jpg 500w, https:\/\/paroisse-notredame-sannedolon.fr\/mypress\/wp-content\/uploads\/2016\/06\/\u00e9glise-Boug\u00e9-2--300x225.jpg 300w, https:\/\/paroisse-notredame-sannedolon.fr\/mypress\/wp-content\/uploads\/2016\/06\/\u00e9glise-Boug\u00e9-2--150x113.jpg 150w\" sizes=\"(max-width: 500px) 100vw, 500px\" \/><\/figure><\/div>\n\n\n<p class=\"has-medium-font-size\"><br><\/p>\n","protected":false},"excerpt":{"rendered":"<p>\u00c9glise Notre Dame de l\u2019AssomptionOuverte : Samedi 9h30\/17h30Dimanche 9h30\/17h30Les horaires peuvent varier selon disponibilit\u00e9, saison,m\u00e9t\u00e9o. C\u2019est au X\u00b0 \u00a0entre 903 et 950 que le Conte Frondac fit construire les \u00e9glises de Boug\u00e9 et de Surieu pour expier sa faute.En effet, il avait re\u00e7u la tutelle de Mathilde, fille du conte \u2026 <a class=\"continue-reading-link\" href=\"https:\/\/paroisse-notredame-sannedolon.fr\/index.php\/nos-clochers\/bouge\/\">Lire la suite <span class=\"meta-nav\">&rarr; <\/span><\/a><\/p>\n","protected":false},"author":1,"featured_media":0,"parent":27,"menu_order":0,"comment_status":"closed","ping_status":"closed","template":"","meta":{"footnotes":""},"class_list":["post-245","page","type-page","status-publish","hentry"],"jetpack_sharing_enabled":true,"jetpack_shortlink":"https:\/\/wp.me\/P7rrt2-3X","_links":{"self":[{"href":"https:\/\/paroisse-notredame-sannedolon.fr\/index.php\/wp-json\/wp\/v2\/pages\/245","targetHints":{"allow":["GET"]}}],"collection":[{"href":"https:\/\/paroisse-notredame-sannedolon.fr\/index.php\/wp-json\/wp\/v2\/pages"}],"about":[{"href":"https:\/\/paroisse-notredame-sannedolon.fr\/index.php\/wp-json\/wp\/v2\/types\/page"}],"author":[{"embeddable":true,"href":"https:\/\/paroisse-notredame-sannedolon.fr\/index.php\/wp-json\/wp\/v2\/users\/1"}],"replies":[{"embeddable":true,"href":"https:\/\/paroisse-notredame-sannedolon.fr\/index.php\/wp-json\/wp\/v2\/comments?post=245"}],"version-history":[{"count":17,"href":"https:\/\/paroisse-notredame-sannedolon.fr\/index.php\/wp-json\/wp\/v2\/pages\/245\/revisions"}],"predecessor-version":[{"id":10946,"href":"https:\/\/paroisse-notredame-sannedolon.fr\/index.php\/wp-json\/wp\/v2\/pages\/245\/revisions\/10946"}],"up":[{"embeddable":true,"href":"https:\/\/paroisse-notredame-sannedolon.fr\/index.php\/wp-json\/wp\/v2\/pages\/27"}],"wp:attachment":[{"href":"https:\/\/paroisse-notredame-sannedolon.fr\/index.php\/wp-json\/wp\/v2\/media?parent=245"}],"curies":[{"name":"wp","href":"https:\/\/api.w.org\/{rel}","templated":true}]}}