{"id":221,"date":"2016-05-02T13:41:29","date_gmt":"2016-05-02T12:41:29","guid":{"rendered":"http:\/\/paroisse-notredame-sannedolon.fr\/?page_id=221"},"modified":"2025-11-16T08:50:32","modified_gmt":"2025-11-16T07:50:32","slug":"contact","status":"publish","type":"page","link":"https:\/\/paroisse-notredame-sannedolon.fr\/index.php\/contact\/","title":{"rendered":"Contact"},"content":{"rendered":"<p>Le pr\u00eatre responsable de la paroisse<br \/>\n<strong>P\u00e8re <\/strong><strong>Armand Moudilou<\/strong><\/p>\n<h4>POUR LES BAPT\u00caMES<\/h4>\n<p>Pascale GUILHARD y r\u00e9pond au 04 74 86 29 57 les mardis matins de 9h30 \u00e0 11h.<\/p>\n<h4>POUR LES MARIAGES<\/h4>\n<p>Nicole GAILLARD prend en compte votre demande au 06 62 83 07 91.<\/p>\n<h4>POUR LES FUN\u00c9RAILLES<\/h4>\n<p>Les soci\u00e9t\u00e9s de pompes fun\u00e8bres se chargent de pr\u00e9venir les responsables d\u2019astreinte.<\/p>\n<h4>CAT\u00c9CH\u00c8SE<\/h4>\n<p>Blandine DUC : 04 27 69 91 72<\/p>\n<h4>AUM\u00d4NERIE<\/h4>\n<p>Aum\u00f4nerie de l\u2019enseignement public : aumonerie.psper@gmail.com<\/p>\n<h4>FORMATION<\/h4>\n<p>Responsable de la formation (en lien avec le SEDIFO) :<br \/>\nMartine ROUSSET : 09 52 32 31 54<\/p>\n<h4>Pour les visites aux malades<\/h4>\n<p>Maison paroissiale d\u2019Anjou (heures de permanence)<\/p>\n<h4>Notaire paroissial<\/h4>\n<p>Marie-Louise FLASSEUR :<br \/>\nnotairedamedessources(arobase)orange.fr<\/p>\n<h4>Maison paroissiale d\u2019Anjou<\/h4>\n<p>17 route du Dauphin\u00e9 , <strong>04 74 84 06 54<br \/>\n<\/strong> Mail : notredamedessources(arobase)orange.fr<strong><br \/>\nPermanences : le mercredi (de 9h \u00e0 11h) et le samedi (de 10h \u00e0 11h30) <\/strong><\/p>\n","protected":false},"excerpt":{"rendered":"<p>Le pr\u00eatre responsable de la paroisse P\u00e8re Armand Moudilou POUR LES BAPT\u00caMES Pascale GUILHARD y r\u00e9pond au 04 74 86 29 57 les mardis matins de 9h30 \u00e0 11h. POUR LES MARIAGES Nicole GAILLARD prend en compte votre demande au 06 62 83 07 91. POUR LES FUN\u00c9RAILLES Les soci\u00e9t\u00e9s \u2026 <a class=\"continue-reading-link\" href=\"https:\/\/paroisse-notredame-sannedolon.fr\/index.php\/contact\/\">Lire la suite <span class=\"meta-nav\">&rarr; <\/span><\/a><\/p>\n","protected":false},"author":1,"featured_media":0,"parent":0,"menu_order":0,"comment_status":"closed","ping_status":"closed","template":"","meta":{"jetpack_post_was_ever_published":false,"footnotes":""},"class_list":["post-221","page","type-page","status-publish","hentry"],"jetpack_sharing_enabled":true,"jetpack_shortlink":"https:\/\/wp.me\/P7rrt2-3z","_links":{"self":[{"href":"https:\/\/paroisse-notredame-sannedolon.fr\/index.php\/wp-json\/wp\/v2\/pages\/221","targetHints":{"allow":["GET"]}}],"collection":[{"href":"https:\/\/paroisse-notredame-sannedolon.fr\/index.php\/wp-json\/wp\/v2\/pages"}],"about":[{"href":"https:\/\/paroisse-notredame-sannedolon.fr\/index.php\/wp-json\/wp\/v2\/types\/page"}],"author":[{"embeddable":true,"href":"https:\/\/paroisse-notredame-sannedolon.fr\/index.php\/wp-json\/wp\/v2\/users\/1"}],"replies":[{"embeddable":true,"href":"https:\/\/paroisse-notredame-sannedolon.fr\/index.php\/wp-json\/wp\/v2\/comments?post=221"}],"version-history":[{"count":31,"href":"https:\/\/paroisse-notredame-sannedolon.fr\/index.php\/wp-json\/wp\/v2\/pages\/221\/revisions"}],"predecessor-version":[{"id":10866,"href":"https:\/\/paroisse-notredame-sannedolon.fr\/index.php\/wp-json\/wp\/v2\/pages\/221\/revisions\/10866"}],"wp:attachment":[{"href":"https:\/\/paroisse-notredame-sannedolon.fr\/index.php\/wp-json\/wp\/v2\/media?parent=221"}],"curies":[{"name":"wp","href":"https:\/\/api.w.org\/{rel}","templated":true}]}}