{"id":174,"date":"2016-04-26T20:45:28","date_gmt":"2016-04-26T19:45:28","guid":{"rendered":"http:\/\/paroisse-notredame-sannedolon.fr\/?page_id=174"},"modified":"2025-09-30T19:49:11","modified_gmt":"2025-09-30T18:49:11","slug":"m-c-r","status":"publish","type":"page","link":"https:\/\/paroisse-notredame-sannedolon.fr\/index.php\/autres-activites\/m-c-r\/","title":{"rendered":"M.C.R"},"content":{"rendered":"\n<div class=\"wp-block-media-text is-stacked-on-mobile\" style=\"grid-template-columns:23% auto\"><figure class=\"wp-block-media-text__media\"><img decoding=\"async\" width=\"116\" height=\"116\" data-attachment-id=\"1015\" data-permalink=\"https:\/\/paroisse-notredame-sannedolon.fr\/index-3\/\" data-orig-file=\"https:\/\/paroisse-notredame-sannedolon.fr\/mypress\/wp-content\/uploads\/2016\/12\/index.jpg\" data-orig-size=\"116,116\" data-comments-opened=\"1\" data-image-meta=\"{&quot;aperture&quot;:&quot;0&quot;,&quot;credit&quot;:&quot;&quot;,&quot;camera&quot;:&quot;&quot;,&quot;caption&quot;:&quot;&quot;,&quot;created_timestamp&quot;:&quot;0&quot;,&quot;copyright&quot;:&quot;&quot;,&quot;focal_length&quot;:&quot;0&quot;,&quot;iso&quot;:&quot;0&quot;,&quot;shutter_speed&quot;:&quot;0&quot;,&quot;title&quot;:&quot;&quot;,&quot;orientation&quot;:&quot;0&quot;}\" data-image-title=\"index\" data-image-description=\"\" data-image-caption=\"\" data-medium-file=\"https:\/\/paroisse-notredame-sannedolon.fr\/mypress\/wp-content\/uploads\/2016\/12\/index.jpg\" data-large-file=\"https:\/\/paroisse-notredame-sannedolon.fr\/mypress\/wp-content\/uploads\/2016\/12\/index.jpg\" src=\"https:\/\/paroisse-notredame-sannedolon.fr\/mypress\/wp-content\/uploads\/2016\/12\/index.jpg\" alt=\"\" class=\"wp-image-1015 size-full\"\/><\/figure><div class=\"wp-block-media-text__content\">\n<p class=\"has-text-align-center has-medium-font-size\"><strong>Paroisses<\/strong><br><strong>Saint Pierre en Pays Roussillonnais et<\/strong><br><strong>Notre-Dame des Sources en Sanne-Dolon<\/strong><\/p>\n<\/div><\/div>\n\n\n\n<p class=\"has-medium-font-size\">Le MCR -Mouvement des Chr\u00e9tiens Retrait\u00e9s- est un mouvement national qui se d\u00e9cline au niveau dioc\u00e9sain, et bien s\u00fbr au niveau paroissial.<br>Nous avons un groupe unique sur les deux paroisses Notre Dame des Sources et Saint Pierre en Pays Roussillonnais qui r\u00e9unit une vingtaine de personnes. Ce groupe actif se r\u00e9unit tous les mois, avec chaque fois trois temps\u00a0:<br>-Un temps de pri\u00e8re<br>-Un temps de r\u00e9flexion partag\u00e9e (temps central de la r\u00e9union)<br>-Un temps de convivialit\u00e9.<br>Quelques personnes se r\u00e9unissent en amont pour pr\u00e9parer la rencontre mensuelle, et permettre \u00e0 chacun de r\u00e9fl\u00e9chir d\u00e9j\u00e0 \u00e0 ce qui sera abord\u00e9 au cours de la rencontre suivante. Un livret national bien structur\u00e9 aide et alimente la r\u00e9flexion.<br><strong>Cette ann\u00e9e pastorale 2025-2026 le th\u00e8me est \u00a0\u00bb Recevoir et devenir : un chemin vers soi, vers les autres, vers Dieu.\u00a0\u00bb<\/strong><br>Cela nous emm\u00e8ne sur les notions de pouvoir, de service\u2026 notions qui traversent bien s\u00fbr l\u2019actualit\u00e9 sociale, l\u2019actualit\u00e9 politique\u2026<br>La r\u00e9f\u00e9rence \u00e0 l\u2019\u00c9vangile et plus largement \u00e0 l\u2019\u00c9criture est la r\u00e8gle. Elle permet au groupe et \u00e0 chacun de v\u00e9rifier son appartenance au Christ serviteur, lui qui nous attend justement dans un royaume\u2026<br>Les \u00e9changes sont toujours riches, respectueux. Chacun \u00e9coute l\u2019autre. Tous les avis ont de la valeur\u2026<br>Si vous \u00eates int\u00e9ress\u00e9s, vous pouvez contacter\u00a0:<br>-Christine JAVAILLON 06 22 90 41 63 pour la paroisse Saint Pierre<br>-Nicole PEDEUX 06 24 52 38 35 pour la paroisse Notre Dame<br>Il suffit d\u2019\u00eatre retrait\u00e9\u00a0!<br>Thierry MERLE, diacre est l\u2019accompagnateur spirituel du groupe.<\/p>\n\n\n\n<p class=\"has-medium-font-size\"><strong>Date de la 1\u00e8re rencontr\u00e9 : mardi 14 octobre de 14h \u00e0 16h aux Cit\u00e9s.<\/strong><\/p>\n\n\n<p><strong>\u00a0<\/strong><strong>Organisation dioc\u00e9saine<\/strong><\/p>\n<\/p>\n\n\n<p class=\"has-medium-font-size\">Un Bureau avec pr\u00e9sident, secr\u00e9taire et tr\u00e9sorier et des repr\u00e9sentants au comit\u00e9 dioc\u00e9sain donc chaque ann\u00e9e une assembl\u00e9e g\u00e9n\u00e9rale et des invitations \u00e0 une r\u00e9collection et des rencontres entre les responsables d&rsquo;\u00e9quipes.<\/p>\n\n\n\n<p>Site internet&nbsp;: <a href=\"http:\/\/www.diocese-grenoble-vienne.fr\">www.diocese-grenoble-vienne.fr\/mcr\/html<\/a>.<\/p>\n\n\n\n<p class=\"has-medium-font-size\"><strong>Au niveau national<\/strong>, m\u00eame organisation avec ses nombreuses coordinations, formations, informations dans le journal Nouvel Essor (trimestriel) et la Newsletter hebdomadaire et l\u2019actualit\u00e9 sur le site&nbsp;: <a href=\"http:\/\/www.mcr.asso.fr\">www.mcr.asso.fr<\/a><\/p>\n","protected":false},"excerpt":{"rendered":"<p>ParoissesSaint Pierre en Pays Roussillonnais etNotre-Dame des Sources en Sanne-Dolon Le MCR -Mouvement des Chr\u00e9tiens Retrait\u00e9s- est un mouvement national qui se d\u00e9cline au niveau dioc\u00e9sain, et bien s\u00fbr au niveau paroissial.Nous avons un groupe unique sur les deux paroisses Notre Dame des Sources et Saint Pierre en Pays Roussillonnais \u2026 <a class=\"continue-reading-link\" href=\"https:\/\/paroisse-notredame-sannedolon.fr\/index.php\/autres-activites\/m-c-r\/\">Lire la suite <span class=\"meta-nav\">&rarr; <\/span><\/a><\/p>\n","protected":false},"author":1,"featured_media":0,"parent":118,"menu_order":0,"comment_status":"closed","ping_status":"closed","template":"","meta":{"jetpack_post_was_ever_published":false,"footnotes":""},"class_list":["post-174","page","type-page","status-publish","hentry"],"jetpack_sharing_enabled":true,"jetpack_shortlink":"https:\/\/wp.me\/P7rrt2-2O","_links":{"self":[{"href":"https:\/\/paroisse-notredame-sannedolon.fr\/index.php\/wp-json\/wp\/v2\/pages\/174","targetHints":{"allow":["GET"]}}],"collection":[{"href":"https:\/\/paroisse-notredame-sannedolon.fr\/index.php\/wp-json\/wp\/v2\/pages"}],"about":[{"href":"https:\/\/paroisse-notredame-sannedolon.fr\/index.php\/wp-json\/wp\/v2\/types\/page"}],"author":[{"embeddable":true,"href":"https:\/\/paroisse-notredame-sannedolon.fr\/index.php\/wp-json\/wp\/v2\/users\/1"}],"replies":[{"embeddable":true,"href":"https:\/\/paroisse-notredame-sannedolon.fr\/index.php\/wp-json\/wp\/v2\/comments?post=174"}],"version-history":[{"count":34,"href":"https:\/\/paroisse-notredame-sannedolon.fr\/index.php\/wp-json\/wp\/v2\/pages\/174\/revisions"}],"predecessor-version":[{"id":10627,"href":"https:\/\/paroisse-notredame-sannedolon.fr\/index.php\/wp-json\/wp\/v2\/pages\/174\/revisions\/10627"}],"up":[{"embeddable":true,"href":"https:\/\/paroisse-notredame-sannedolon.fr\/index.php\/wp-json\/wp\/v2\/pages\/118"}],"wp:attachment":[{"href":"https:\/\/paroisse-notredame-sannedolon.fr\/index.php\/wp-json\/wp\/v2\/media?parent=174"}],"curies":[{"name":"wp","href":"https:\/\/api.w.org\/{rel}","templated":true}]}}