{"id":171,"date":"2016-04-26T20:44:48","date_gmt":"2016-04-26T19:44:48","guid":{"rendered":"http:\/\/paroisse-notredame-sannedolon.fr\/?page_id=171"},"modified":"2024-12-17T21:35:57","modified_gmt":"2024-12-17T20:35:57","slug":"partage-devangile","status":"publish","type":"page","link":"https:\/\/paroisse-notredame-sannedolon.fr\/index.php\/autres-activites\/partage-devangile\/","title":{"rendered":"Partage d\u2019\u00c9vangile"},"content":{"rendered":"\n<div class=\"wp-block-media-text is-stacked-on-mobile is-vertically-aligned-center\"><figure class=\"wp-block-media-text__media\"><img fetchpriority=\"high\" decoding=\"async\" width=\"320\" height=\"213\" data-attachment-id=\"9587\" data-permalink=\"https:\/\/paroisse-notredame-sannedolon.fr\/index.php\/autres-activites\/partage-devangile\/lire_bible-320x213\/\" data-orig-file=\"https:\/\/paroisse-notredame-sannedolon.fr\/mypress\/wp-content\/uploads\/2024\/12\/lire_bible-320x213-1.jpg\" data-orig-size=\"320,213\" data-comments-opened=\"1\" data-image-meta=\"{&quot;aperture&quot;:&quot;0&quot;,&quot;credit&quot;:&quot;&quot;,&quot;camera&quot;:&quot;&quot;,&quot;caption&quot;:&quot;&quot;,&quot;created_timestamp&quot;:&quot;0&quot;,&quot;copyright&quot;:&quot;&quot;,&quot;focal_length&quot;:&quot;0&quot;,&quot;iso&quot;:&quot;0&quot;,&quot;shutter_speed&quot;:&quot;0&quot;,&quot;title&quot;:&quot;&quot;,&quot;orientation&quot;:&quot;0&quot;}\" data-image-title=\"bible\" data-image-description=\"\" data-image-caption=\"\" data-large-file=\"https:\/\/paroisse-notredame-sannedolon.fr\/mypress\/wp-content\/uploads\/2024\/12\/lire_bible-320x213-1.jpg\" src=\"https:\/\/paroisse-notredame-sannedolon.fr\/mypress\/wp-content\/uploads\/2024\/12\/lire_bible-320x213-1.jpg\" alt=\"\" class=\"wp-image-9587 size-full\" srcset=\"https:\/\/paroisse-notredame-sannedolon.fr\/mypress\/wp-content\/uploads\/2024\/12\/lire_bible-320x213-1.jpg 320w, https:\/\/paroisse-notredame-sannedolon.fr\/mypress\/wp-content\/uploads\/2024\/12\/lire_bible-320x213-1-300x200.jpg 300w, https:\/\/paroisse-notredame-sannedolon.fr\/mypress\/wp-content\/uploads\/2024\/12\/lire_bible-320x213-1-150x100.jpg 150w, https:\/\/paroisse-notredame-sannedolon.fr\/mypress\/wp-content\/uploads\/2024\/12\/lire_bible-320x213-1-225x150.jpg 225w\" sizes=\"(max-width: 320px) 100vw, 320px\" \/><\/figure><div class=\"wp-block-media-text__content\">\n<p class=\"has-medium-font-size\">Partager la parole\u00a0: pas besoin d&rsquo;une bible pour cela, il suffit de se parler et voil\u00e0. Et bien, c&rsquo;est une exp\u00e9rience \u00e0 tenter, lorsqu&rsquo;on parle \u00ab\u00a0en esprit et en v\u00e9rit\u00e9\u00a0\u00bb \u00e0 partir d&rsquo;un texte biblique, quelque chose se passe\u2026C&rsquo;est difficile de pr\u00e9ciser de quoi il s&rsquo;agit. <\/p>\n\n\n\n<p><\/p>\n<\/div><\/div>\n\n\n\n<p class=\"has-medium-font-size\">Deux ou trois r\u00e9unis en Son nom et Il est l\u00e0. Il y faut un cadre, de la bienveillance, beaucoup d&rsquo;\u00e9coute et d&rsquo;attention et parfois, quelque chose est donn\u00e9, diff\u00e9rent selon les personnes\u00a0; parfois aussi rien. Il ne faut d&rsquo;ailleurs rien attendre de particulier il s&rsquo;agit simplement d&rsquo;\u00eatre honn\u00eatement pr\u00e9sent, sans acrimonie et d&rsquo;ouvrir l&rsquo;oreille de son c\u0153ur. Ensuite de savoir accueillir la manne du jour. Cela peut sembler simple, \u00e7a ne l&rsquo;est pas forc\u00e9ment. Le go\u00fbt de cette manne est pourtant sans \u00e9gal aux dires de certains.<\/p>\n\n\n\n<p class=\"has-medium-font-size\">Deux groupes se r\u00e9unissent \u00e0 Anjou une fois par mois.<br>\u00c0 partir d&rsquo;un texte choisi ensemble en fonction ou non d&rsquo;un th\u00e8me a lieu une premi\u00e8re discussion pour \u00e9clairer le sens du texte puis en creusant de plus en plus il s&rsquo;agit d&rsquo;arriver au noyau central, s&rsquo;il est possible d&rsquo;en trouver un. Ce qui compte c&rsquo;est d&rsquo;interroger le texte avec respect mais&nbsp; sans peur . Le choix de la foi c&rsquo;est de penser que ce texte parle \u00e0 chacun, au moment o\u00f9 il le lit. Le texte c&rsquo;est Dieu qui me parle aujourd&rsquo;hui. Dans un court temps de silence chacun se met \u00e0 l&rsquo;\u00e9coute de ce qui est l\u00e0 pour lui et s&rsquo;il le juge bon il en dit quelque chose dans le temps qui suit. Le tout dans la plus grande confidentialit\u00e9. C&rsquo;est simple,&nbsp; un peu toujours pareil,&nbsp; et pourtant\u2026.<br>Si cela vous tente faites vous conna\u00eetre aupr\u00e8s des responsables&nbsp;:<br>Nicole Pedeux 0474296417 et Martine Rousset 0952323154<\/p>\n","protected":false},"excerpt":{"rendered":"<p>Partager la parole\u00a0: pas besoin d&rsquo;une bible pour cela, il suffit de se parler et voil\u00e0. Et bien, c&rsquo;est une exp\u00e9rience \u00e0 tenter, lorsqu&rsquo;on parle \u00ab\u00a0en esprit et en v\u00e9rit\u00e9\u00a0\u00bb \u00e0 partir d&rsquo;un texte biblique, quelque chose se passe\u2026C&rsquo;est difficile de pr\u00e9ciser de quoi il s&rsquo;agit. Deux ou trois r\u00e9unis \u2026 <a class=\"continue-reading-link\" href=\"https:\/\/paroisse-notredame-sannedolon.fr\/index.php\/autres-activites\/partage-devangile\/\">Lire la suite <span class=\"meta-nav\">&rarr; <\/span><\/a><\/p>\n","protected":false},"author":1,"featured_media":0,"parent":118,"menu_order":0,"comment_status":"closed","ping_status":"closed","template":"","meta":{"jetpack_post_was_ever_published":false,"footnotes":""},"class_list":["post-171","page","type-page","status-publish","hentry"],"jetpack_sharing_enabled":true,"jetpack_shortlink":"https:\/\/wp.me\/P7rrt2-2L","_links":{"self":[{"href":"https:\/\/paroisse-notredame-sannedolon.fr\/index.php\/wp-json\/wp\/v2\/pages\/171","targetHints":{"allow":["GET"]}}],"collection":[{"href":"https:\/\/paroisse-notredame-sannedolon.fr\/index.php\/wp-json\/wp\/v2\/pages"}],"about":[{"href":"https:\/\/paroisse-notredame-sannedolon.fr\/index.php\/wp-json\/wp\/v2\/types\/page"}],"author":[{"embeddable":true,"href":"https:\/\/paroisse-notredame-sannedolon.fr\/index.php\/wp-json\/wp\/v2\/users\/1"}],"replies":[{"embeddable":true,"href":"https:\/\/paroisse-notredame-sannedolon.fr\/index.php\/wp-json\/wp\/v2\/comments?post=171"}],"version-history":[{"count":35,"href":"https:\/\/paroisse-notredame-sannedolon.fr\/index.php\/wp-json\/wp\/v2\/pages\/171\/revisions"}],"predecessor-version":[{"id":9593,"href":"https:\/\/paroisse-notredame-sannedolon.fr\/index.php\/wp-json\/wp\/v2\/pages\/171\/revisions\/9593"}],"up":[{"embeddable":true,"href":"https:\/\/paroisse-notredame-sannedolon.fr\/index.php\/wp-json\/wp\/v2\/pages\/118"}],"wp:attachment":[{"href":"https:\/\/paroisse-notredame-sannedolon.fr\/index.php\/wp-json\/wp\/v2\/media?parent=171"}],"curies":[{"name":"wp","href":"https:\/\/api.w.org\/{rel}","templated":true}]}}