{"id":162,"date":"2016-04-26T20:40:59","date_gmt":"2016-04-26T19:40:59","guid":{"rendered":"http:\/\/paroisse-notredame-sannedolon.fr\/?page_id=162"},"modified":"2025-11-16T08:51:20","modified_gmt":"2025-11-16T07:51:20","slug":"aumonerie","status":"publish","type":"page","link":"https:\/\/paroisse-notredame-sannedolon.fr\/index.php\/les-jeunes\/aumonerie\/","title":{"rendered":"Aum\u00f4nerie"},"content":{"rendered":"\n<figure class=\"wp-block-image size-large\"><img fetchpriority=\"high\" decoding=\"async\" width=\"1000\" height=\"750\" data-attachment-id=\"9431\" data-permalink=\"https:\/\/paroisse-notredame-sannedolon.fr\/index.php\/les-jeunes\/aumonerie\/aumonerie-4\/\" data-orig-file=\"https:\/\/paroisse-notredame-sannedolon.fr\/mypress\/wp-content\/uploads\/2024\/11\/Aumonerie.jpeg\" data-orig-size=\"1000,750\" data-comments-opened=\"1\" data-image-meta=\"{&quot;aperture&quot;:&quot;0&quot;,&quot;credit&quot;:&quot;&quot;,&quot;camera&quot;:&quot;&quot;,&quot;caption&quot;:&quot;&quot;,&quot;created_timestamp&quot;:&quot;0&quot;,&quot;copyright&quot;:&quot;&quot;,&quot;focal_length&quot;:&quot;0&quot;,&quot;iso&quot;:&quot;0&quot;,&quot;shutter_speed&quot;:&quot;0&quot;,&quot;title&quot;:&quot;&quot;,&quot;orientation&quot;:&quot;0&quot;}\" data-image-title=\"Aumonerie 2024\" data-image-description=\"\" data-image-caption=\"\" data-large-file=\"https:\/\/paroisse-notredame-sannedolon.fr\/mypress\/wp-content\/uploads\/2024\/11\/Aumonerie.jpeg\" src=\"https:\/\/paroisse-notredame-sannedolon.fr\/mypress\/wp-content\/uploads\/2024\/11\/Aumonerie.jpeg\" alt=\"\" class=\"wp-image-9431\" srcset=\"https:\/\/paroisse-notredame-sannedolon.fr\/mypress\/wp-content\/uploads\/2024\/11\/Aumonerie.jpeg 1000w, https:\/\/paroisse-notredame-sannedolon.fr\/mypress\/wp-content\/uploads\/2024\/11\/Aumonerie-300x225.jpeg 300w, https:\/\/paroisse-notredame-sannedolon.fr\/mypress\/wp-content\/uploads\/2024\/11\/Aumonerie-600x450.jpeg 600w, https:\/\/paroisse-notredame-sannedolon.fr\/mypress\/wp-content\/uploads\/2024\/11\/Aumonerie-150x113.jpeg 150w\" sizes=\"(max-width: 1000px) 100vw, 1000px\" \/><\/figure>\n\n\n<p style=\"text-align: center;\"><strong>AUM\u00d4NERIE DES JEUNES<\/strong><\/p>\n<p>\u00ab Comme chaque ann\u00e9e, de nombreux jeunes rejoignent l&rsquo;aum\u00f4nerie. Continuit\u00e9 de la cat\u00e9ch\u00e8se suivie en niveau \u00e9l\u00e9mentaire, elle permet au jeune d&rsquo;approfondir ses connaissances en s&rsquo;ouvrant progressivement au monde qui l&rsquo;entoure. Passer de la connaissance th\u00e9orique \u00e0 la mise en pratique de tout ce que nous connaissons, l\u00e0 est le but de l&rsquo;aum\u00f4nerie.<br \/>Au travers de rencontres, d&rsquo;activit\u00e9s, messes, c\u00e9l\u00e9bration, p\u00e8lerinage, marches, etc. l&rsquo;aum\u00f4nerie est un service pour les jeunes, qui doit leur \u00eatre profitable.<br \/>Comme la cat\u00e9ch\u00e8se, elle pr\u00e9pare les jeunes \u00e0 la profession de foi et pour les lyc\u00e9ens qui le d\u00e9sirent, \u00e0 la confirmation. Dans certains cas, elle associe autant que possible un cheminement qui pr\u00e9pare au sacrement du Bapt\u00eame et de l&rsquo;Eucharistie pour les familles en demande.<\/p>\n<p><strong>Aum\u00f4nerie de l\u2019enseignement public : aumonerie.psper@gmail.com<\/strong><\/p>\n\n\n<p><a href=\"https:\/\/paroisse-notredame-sannedolon.fr\/index.php\/2025\/05\/25\/week-end-de-laumonerie\/\" data-type=\"post\" data-id=\"10217\">Week-end de l\u2019aum\u00f4nerie<\/a><\/p>\n\n\n\n<p><\/p>\n","protected":false},"excerpt":{"rendered":"<p>AUM\u00d4NERIE DES JEUNES \u00ab Comme chaque ann\u00e9e, de nombreux jeunes rejoignent l&rsquo;aum\u00f4nerie. Continuit\u00e9 de la cat\u00e9ch\u00e8se suivie en niveau \u00e9l\u00e9mentaire, elle permet au jeune d&rsquo;approfondir ses connaissances en s&rsquo;ouvrant progressivement au monde qui l&rsquo;entoure. Passer de la connaissance th\u00e9orique \u00e0 la mise en pratique de tout ce que nous connaissons, \u2026 <a class=\"continue-reading-link\" href=\"https:\/\/paroisse-notredame-sannedolon.fr\/index.php\/les-jeunes\/aumonerie\/\">Lire la suite <span class=\"meta-nav\">&rarr; <\/span><\/a><\/p>\n","protected":false},"author":1,"featured_media":0,"parent":159,"menu_order":0,"comment_status":"closed","ping_status":"closed","template":"","meta":{"jetpack_post_was_ever_published":false,"footnotes":""},"class_list":["post-162","page","type-page","status-publish","hentry"],"jetpack_sharing_enabled":true,"jetpack_shortlink":"https:\/\/wp.me\/P7rrt2-2C","_links":{"self":[{"href":"https:\/\/paroisse-notredame-sannedolon.fr\/index.php\/wp-json\/wp\/v2\/pages\/162","targetHints":{"allow":["GET"]}}],"collection":[{"href":"https:\/\/paroisse-notredame-sannedolon.fr\/index.php\/wp-json\/wp\/v2\/pages"}],"about":[{"href":"https:\/\/paroisse-notredame-sannedolon.fr\/index.php\/wp-json\/wp\/v2\/types\/page"}],"author":[{"embeddable":true,"href":"https:\/\/paroisse-notredame-sannedolon.fr\/index.php\/wp-json\/wp\/v2\/users\/1"}],"replies":[{"embeddable":true,"href":"https:\/\/paroisse-notredame-sannedolon.fr\/index.php\/wp-json\/wp\/v2\/comments?post=162"}],"version-history":[{"count":60,"href":"https:\/\/paroisse-notredame-sannedolon.fr\/index.php\/wp-json\/wp\/v2\/pages\/162\/revisions"}],"predecessor-version":[{"id":10867,"href":"https:\/\/paroisse-notredame-sannedolon.fr\/index.php\/wp-json\/wp\/v2\/pages\/162\/revisions\/10867"}],"up":[{"embeddable":true,"href":"https:\/\/paroisse-notredame-sannedolon.fr\/index.php\/wp-json\/wp\/v2\/pages\/159"}],"wp:attachment":[{"href":"https:\/\/paroisse-notredame-sannedolon.fr\/index.php\/wp-json\/wp\/v2\/media?parent=162"}],"curies":[{"name":"wp","href":"https:\/\/api.w.org\/{rel}","templated":true}]}}