{"id":135,"date":"2016-04-26T13:21:13","date_gmt":"2016-04-26T12:21:13","guid":{"rendered":"http:\/\/paroisse-notredame-sannedolon.fr\/?page_id=135"},"modified":"2025-11-22T21:43:23","modified_gmt":"2025-11-22T20:43:23","slug":"anjou-2","status":"publish","type":"page","link":"https:\/\/paroisse-notredame-sannedolon.fr\/index.php\/nos-clochers\/anjou-2\/","title":{"rendered":"Anjou"},"content":{"rendered":"\n<p class=\"has-black-color has-text-color has-background has-link-color has-medium-font-size wp-elements-0bf9b9bdf3793924168c6e679b70874f\" style=\"background-color:#7494c3\"><strong>\u00c9glise de la Transfiguration<\/strong><br>Ouverte le dimanche de 10h \u00e0 17h\/18h et le mercredi de 8h30 \u00e0 10h<\/p>\n\n\n\n<p class=\"has-medium-font-size\"><br><strong>Pr\u00e9sentation de l\u2019\u00e9glise<\/strong><br>L<strong>\u2019<\/strong>\u00e9glise Saint-Sauveur d\u2019Anjou, avant sa reconstruction au XIX\u00e8me si\u00e8cle, comportait des chapelles dont certaines \u00e9taient des tombeaux (1). De l\u2019\u00e9difice, on conna\u00eet peu de choses, sinon ce qui est \u00e9crit en 1875 par A. Allmer et A. de Terrebasse dans \u00ab Inscriptions antiques et du M-A de Vienne en Dauphin\u00e9: \u00ab C\u2019\u00e9tait un \u00e9difice d\u2019assez ch\u00e9tive apparence et qui n\u2019avait de remarquable qu\u2019un clocher couronn\u00e9 par une balustrade dont les pierres d\u00e9coup\u00e9es en lettres formaient une l\u00e9gende. Tout cela tombait en ruines et en poussi\u00e8re. Il n\u2019y avait rien \u00e0 sauver\u2026 \u00bb.<\/p>\n\n\n\n<p class=\"has-medium-font-size\">Elle mena\u00e7ait ruine quand, le 20 f\u00e9vrier 1822 \u00e0 8h30 pendant la messe, elle fut \u00e9branl\u00e9e par une secousse sismique. L\u2019assistance a craint d\u2019\u00eatre ensevelie sous les d\u00e9combres de la tribune fortement secou\u00e9e. En 1833, le conseil municipal \u00e9voque la r\u00e9paration ou la reconstruction d\u2019une \u00e9glise neuve. Plusieurs projets et devis sont \u00e9tablis\u2026<br>Un projet est pr\u00e9sent\u00e9 \u00e0 l\u2019accord du sous-pr\u00e9fet ; il est retourn\u00e9 pour corrections. Le sous-pr\u00e9fet relance alors le maire de la commune qui \u00e9prouve des difficult\u00e9s pour trouver un financement, ayant d\u00e9j\u00e0 \u00e0 subvenir aux d\u00e9penses li\u00e9es \u00e0 la modification de la route principale (actuelle RD 51) et \u00e0 l\u2019acquisition d\u2019une \u00e9cole-maison commune. L\u2019adjudication est finalement sign\u00e9e le 26 avril 1839 pour un montant de 21 210 francs. Le P\u00e8re Girard est alors cur\u00e9 d\u2019Anjou, et l\u2019architecte est Monsieur Haour de Vienne. Au cours des travaux, des pluies diluviennes font \u00e9crouler un tiers de la ma\u00e7onnerie et imposent la construction de contreforts.<\/p>\n\n\n\n<div class=\"wp-block-media-text has-media-on-the-right is-stacked-on-mobile\"><div class=\"wp-block-media-text__content\">\n<p class=\"has-medium-font-size\">L\u2019\u00e9glise est enfin consacr\u00e9e le 28 avril 1842 par Mgr Philibert de Bruillard, \u00e9v\u00eaque de Grenoble. Mais la commune a des difficult\u00e9s pour r\u00e9gler la totalit\u00e9 du co\u00fbt de cette construction. En litige avec l\u2019architecte, elle doit s\u2019acquitter des suppl\u00e9ments demand\u00e9s. Elle le fait gr\u00e2ce \u00e0 un emprunt et \u00e0 l\u2019aide de dons de particuliers. La derni\u00e8re somme demand\u00e9e sera pay\u00e9e sur le budget additionnel de 1858\u2026 Pendant toute la p\u00e9riode d\u2019indisponibilit\u00e9, la plupart des services religieux ont eu lieu \u00e0 la chapelle du village.<\/p>\n<\/div><figure class=\"wp-block-media-text__media\"><img fetchpriority=\"high\" decoding=\"async\" width=\"500\" height=\"375\" data-attachment-id=\"122\" data-permalink=\"https:\/\/paroisse-notredame-sannedolon.fr\/eglise-anjou-1\/\" data-orig-file=\"https:\/\/paroisse-notredame-sannedolon.fr\/mypress\/wp-content\/uploads\/2016\/04\/\u00e9glise-Anjou-1-e1460754837626.jpg\" data-orig-size=\"500,375\" data-comments-opened=\"1\" data-image-meta=\"{&quot;aperture&quot;:&quot;6.3&quot;,&quot;credit&quot;:&quot;&quot;,&quot;camera&quot;:&quot;DSC-S600&quot;,&quot;caption&quot;:&quot;&quot;,&quot;created_timestamp&quot;:&quot;1192370154&quot;,&quot;copyright&quot;:&quot;&quot;,&quot;focal_length&quot;:&quot;5.1&quot;,&quot;iso&quot;:&quot;80&quot;,&quot;shutter_speed&quot;:&quot;0.0025&quot;,&quot;title&quot;:&quot;&quot;,&quot;orientation&quot;:&quot;1&quot;}\" data-image-title=\"\u00e9glise Anjou 1\" data-image-description=\"\" data-image-caption=\"\" data-large-file=\"https:\/\/paroisse-notredame-sannedolon.fr\/mypress\/wp-content\/uploads\/2016\/04\/\u00e9glise-Anjou-1-e1460754837626.jpg\" src=\"https:\/\/paroisse-notredame-sannedolon.fr\/mypress\/wp-content\/uploads\/2016\/04\/\u00e9glise-Anjou-1-e1460754837626.jpg\" alt=\"\" class=\"wp-image-122 size-full\"\/><\/figure><\/div>\n\n\n\n<p class=\"has-medium-font-size\">Par la suite, l\u2019\u00e9glise subira quelques modifications, notamment lors des grandes r\u00e9parations de 1970 :<\/p>\n\n\n\n<ul class=\"wp-block-list has-medium-font-size\">\n<li>La chaire initialement en bois a \u00e9t\u00e9 remplac\u00e9e par une chaire en pierre blanche, mais rendue inutile par l\u2019usage du micro, elle est supprim\u00e9e. Des tableaux accroch\u00e9s dans le ch\u0153ur ont \u00e9t\u00e9 remplac\u00e9s par d\u2019autres plus grands repr\u00e9sentant les quatre \u00e9vang\u00e9listes. Ceux-ci d\u00e9pos\u00e9s en 1970 ont \u00e9t\u00e9 laiss\u00e9s \u00e0 l\u2019abandon.<\/li>\n\n\n\n<li>La \u00ab table de communion \u00bb (barri\u00e8re marquant la s\u00e9paration du ch\u0153ur de la nef principale) comme de nombreuses statues ont \u00e9t\u00e9 \u00e9galement supprim\u00e9es, et le \u00ab ma\u00eetre-autel \u00bb, rendu inutile par la r\u00e9forme de la liturgie fut d\u00e9moli. Il en a \u00e9t\u00e9 de m\u00eame des stalles dispos\u00e9es dans les chapelles lat\u00e9rales.Un vestige important des \u00e9glises pr\u00e9c\u00e9dentes a \u00e9t\u00e9 replac\u00e9 au fond de l\u2019\u00e9glise actuelle lors de sa construction : il s\u2019agit d\u2019une plaque obituaire avec une inscription en lettres gothiques dat\u00e9e de 1274 et qui avait \u00e9t\u00e9 traduite par A. de Terrebasse : \u00ab L\u2019an du Seigneur 1274, le 10 mai, ma\u00eetre Bertrand d\u2019Anjou, clerc de l\u2019\u00e9glise de Vienne, donna \u00e0 Dieu et \u00e0 l\u2019\u00e9glise Saint-Sauveur, quinze sous de rente, afin que celui qui sera pour lors cur\u00e9 de ladite \u00e9glise, traite six pr\u00eatres de ses voisins, chaque ann\u00e9e, le lendemain de l\u2019Epiphanie, pour l\u2019\u00e2me dudit Bertrand.De plus, il a donn\u00e9 \u00e0 la confr\u00e9rie dudit lieu dix sous de rente, et son p\u00e8re quatre, \u00e0 raison desquels seront trait\u00e9s quatre pauvres par ladite confr\u00e9rie \u2026 \u00bb<strong>Les cloches<\/strong>Il y avait initialement deux cloches dans le clocher, auxquelles a \u00e9t\u00e9 rajout\u00e9e, en 2000, une plus petite r\u00e9cup\u00e9r\u00e9e par l\u2018association \u00ab Anjou a une histoire \u00bb. Les deux cloches install\u00e9es apr\u00e8s la construction de l\u2019\u00e9glise sont d\u00e9crites par Gustave Vallier (2) en 1886 :<ul><li>Celle de 1849 p\u00e8se 800 kg, pour un diam\u00e8tre de 108 cm, son fabricant est Burdin a\u00een\u00e9 de Lyon. Elle sonne un fa di\u00e8se. Elle porte l\u2019inscription \u00ab J&rsquo;ai \u00e9t\u00e9 d\u00e9cor\u00e9e par les honorables Antoine Hours et son \u00e9pouse Jos\u00e9phine Robert \u00bb et en latin : \u00ab Louez Dieu toutes les nations \u00bb.<\/li><\/ul>\n<ul class=\"wp-block-list\">\n<li>Celle de 1861 p\u00e8se 522 kg, pour un diam\u00e8tre de 92 cm, son fabricant est Burdin fils. Elle sonne un la. Son parrain fut Cl\u00e9ment Jourdan, membre du conseil g\u00e9n\u00e9ral de l\u2019Is\u00e8re, et sa marraine Sabine de Montchenu, comtesse de Bectoz. Elle porte l\u2019inscription \u00ab Sauveur du monde, ayez piti\u00e9 de nous \u00bb.<ul><li>La petite cloche provenant du ch\u00e2teau de Bectoz, a \u00e9t\u00e9 coul\u00e9e en 1666, par Huard, un fondeur r\u00e9gional c\u00e9l\u00e8bre. D\u2019une centaine de kilos seulement, elle donne un mi un peu fr\u00eale, face \u00e0 la majest\u00e9 des deux premi\u00e8res. Elle porte l\u2019identification \u00ab caelestinorum lugdunensium \u00bb accompagn\u00e9e d\u2019une croix qu\u2019enlace un S et de deux fleurs de lis. Le couvent des C\u00e9lestins de Lyon ayant \u00e9t\u00e9 s\u00e9cularis\u00e9 et vendu entre 1777 et 1784, cette cloche a sans doute \u00e9t\u00e9 acquise par la famille de Bectoz qui l\u2019avait install\u00e9e sur la toiture de son nouveau ch\u00e2teau pour compl\u00e9ter son horloge.<\/li><\/ul>Le fonctionnement des cloches \u00e9tait soumis \u00e0 un r\u00e8glement strict.<br>Un arr\u00eat\u00e9 municipal du 10 juillet 1909 pr\u00e9cise les sonneries religieuses et les sonneries civiles.<br>Jusqu\u2019\u00e0 leur \u00e9lectrification en f\u00e9vrier 1955, elles \u00e9taient actionn\u00e9es par un sonneur de cloches agr\u00e9\u00e9.<br>Le dernier a \u00e9t\u00e9 Pierre Didier, mar\u00e9chal-ferrant aux Granges, qui pratiqua scrupuleusement son office.<br><strong>Les vitraux<br><\/strong>Anjou peut s\u2019enorgueillir de poss\u00e9der en son \u00e9glise des vitraux parmi les plus beaux de la r\u00e9gion. La richesse des motifs (personnages y compris dans les vitraux de la nef, ce qui est rare), le soin apport\u00e9 tant au dessin qu\u2019au d\u00e9tail, et <strong>surtout<\/strong>, la qualit\u00e9 des couleurs (le bleu est digne de Chartres !) en font, on peut le dire, l\u2019un des joyaux du patrimoine artistique r\u00e9gional. A cet \u00e9gard, il serait opportun que des visites \u00e0 destination de touristes int\u00e9ress\u00e9s, comme des scolaires, puissent y \u00eatre organis\u00e9s ; trop peu de nos concitoyens profitent de ce v\u00e9ritable tr\u00e9sor&#8230;<br>L\u2019\u00e9glise poss\u00e8de treize vitraux .Nommons-les en partant du vitrail \u00e0 gauche du ch\u0153ur et en tournant dans l\u2019\u00e9glise.<\/li>\n\n\n\n<li><\/li>\n<\/ul>\n<\/li>\n<\/ul>\n\n\n\n<p><a href=\"https:\/\/paroisse-notredame-sannedolon.fr\/index.php\/2024\/09\/29\/vitraux-de-leglise-danjou\/\" data-type=\"post\" data-id=\"9236\">Vitraux de l\u2019\u00e9glise d\u2019Anjou<\/a><\/p>\n","protected":false},"excerpt":{"rendered":"<p>\u00c9glise de la TransfigurationOuverte le dimanche de 10h \u00e0 17h\/18h et le mercredi de 8h30 \u00e0 10h Pr\u00e9sentation de l\u2019\u00e9gliseL\u2019\u00e9glise Saint-Sauveur d\u2019Anjou, avant sa reconstruction au XIX\u00e8me si\u00e8cle, comportait des chapelles dont certaines \u00e9taient des tombeaux (1). De l\u2019\u00e9difice, on conna\u00eet peu de choses, sinon ce qui est \u00e9crit en \u2026 <a class=\"continue-reading-link\" href=\"https:\/\/paroisse-notredame-sannedolon.fr\/index.php\/nos-clochers\/anjou-2\/\">Lire la suite <span class=\"meta-nav\">&rarr; <\/span><\/a><\/p>\n","protected":false},"author":1,"featured_media":0,"parent":27,"menu_order":0,"comment_status":"closed","ping_status":"closed","template":"","meta":{"jetpack_post_was_ever_published":false,"footnotes":""},"class_list":["post-135","page","type-page","status-publish","hentry"],"jetpack_sharing_enabled":true,"jetpack_shortlink":"https:\/\/wp.me\/P7rrt2-2b","_links":{"self":[{"href":"https:\/\/paroisse-notredame-sannedolon.fr\/index.php\/wp-json\/wp\/v2\/pages\/135","targetHints":{"allow":["GET"]}}],"collection":[{"href":"https:\/\/paroisse-notredame-sannedolon.fr\/index.php\/wp-json\/wp\/v2\/pages"}],"about":[{"href":"https:\/\/paroisse-notredame-sannedolon.fr\/index.php\/wp-json\/wp\/v2\/types\/page"}],"author":[{"embeddable":true,"href":"https:\/\/paroisse-notredame-sannedolon.fr\/index.php\/wp-json\/wp\/v2\/users\/1"}],"replies":[{"embeddable":true,"href":"https:\/\/paroisse-notredame-sannedolon.fr\/index.php\/wp-json\/wp\/v2\/comments?post=135"}],"version-history":[{"count":39,"href":"https:\/\/paroisse-notredame-sannedolon.fr\/index.php\/wp-json\/wp\/v2\/pages\/135\/revisions"}],"predecessor-version":[{"id":10928,"href":"https:\/\/paroisse-notredame-sannedolon.fr\/index.php\/wp-json\/wp\/v2\/pages\/135\/revisions\/10928"}],"up":[{"embeddable":true,"href":"https:\/\/paroisse-notredame-sannedolon.fr\/index.php\/wp-json\/wp\/v2\/pages\/27"}],"wp:attachment":[{"href":"https:\/\/paroisse-notredame-sannedolon.fr\/index.php\/wp-json\/wp\/v2\/media?parent=135"}],"curies":[{"name":"wp","href":"https:\/\/api.w.org\/{rel}","templated":true}]}}