{"id":109,"date":"2016-04-15T19:58:09","date_gmt":"2016-04-15T18:58:09","guid":{"rendered":"http:\/\/paroisse-notredame-sannedolon.fr\/?page_id=109"},"modified":"2025-09-28T15:00:48","modified_gmt":"2025-09-28T14:00:48","slug":"hospitalite-dauphinoise-notre-dame-de-lourdes","status":"publish","type":"page","link":"https:\/\/paroisse-notredame-sannedolon.fr\/index.php\/autres-activites\/hospitalite-dauphinoise-notre-dame-de-lourdes\/","title":{"rendered":"Hospitalit\u00e9"},"content":{"rendered":"\n<div class=\"wp-block-media-text alignwide is-stacked-on-mobile\"><figure class=\"wp-block-media-text__media\"><img fetchpriority=\"high\" decoding=\"async\" width=\"1024\" height=\"768\" data-attachment-id=\"112\" data-permalink=\"https:\/\/paroisse-notredame-sannedolon.fr\/index.php\/autres-activites\/hospitalite-dauphinoise-notre-dame-de-lourdes\/ssl20156\/\" data-orig-file=\"https:\/\/paroisse-notredame-sannedolon.fr\/mypress\/wp-content\/uploads\/2016\/04\/SSL20156.jpg\" data-orig-size=\"1024,768\" data-comments-opened=\"1\" data-image-meta=\"{&quot;aperture&quot;:&quot;0&quot;,&quot;credit&quot;:&quot;&quot;,&quot;camera&quot;:&quot;&quot;,&quot;caption&quot;:&quot;&quot;,&quot;created_timestamp&quot;:&quot;0&quot;,&quot;copyright&quot;:&quot;&quot;,&quot;focal_length&quot;:&quot;0&quot;,&quot;iso&quot;:&quot;0&quot;,&quot;shutter_speed&quot;:&quot;0&quot;,&quot;title&quot;:&quot;&quot;,&quot;orientation&quot;:&quot;0&quot;}\" data-image-title=\"Lourdes\" data-image-description=\"\" data-image-caption=\"&lt;p&gt;Lourdes&lt;\/p&gt;\n\" data-large-file=\"https:\/\/paroisse-notredame-sannedolon.fr\/mypress\/wp-content\/uploads\/2016\/04\/SSL20156-1024x768.jpg\" src=\"https:\/\/paroisse-notredame-sannedolon.fr\/mypress\/wp-content\/uploads\/2016\/04\/SSL20156-1024x768.jpg\" alt=\"\" class=\"wp-image-112 size-full\" srcset=\"https:\/\/paroisse-notredame-sannedolon.fr\/mypress\/wp-content\/uploads\/2016\/04\/SSL20156.jpg 1024w, https:\/\/paroisse-notredame-sannedolon.fr\/mypress\/wp-content\/uploads\/2016\/04\/SSL20156-300x225.jpg 300w, https:\/\/paroisse-notredame-sannedolon.fr\/mypress\/wp-content\/uploads\/2016\/04\/SSL20156-768x576.jpg 768w, https:\/\/paroisse-notredame-sannedolon.fr\/mypress\/wp-content\/uploads\/2016\/04\/SSL20156-150x113.jpg 150w\" sizes=\"(max-width: 1024px) 100vw, 1024px\" \/><\/figure><div class=\"wp-block-media-text__content\">\n<p style=\"font-size:24px\"><strong>Hospitalit\u00e9 Dauphinoise Notre-Dame-de-Lourdes<\/strong><\/p>\n<\/div><\/div>\n\n\n\n<p class=\"has-medium-font-size\">L\u2019Hospitalit\u00e9 Dauphinoise Notre Dame de Lourdes regroupe toutes les personnes qui acceptent de donner de leur temps pour accompagner les malades et les personnes handicap\u00e9es lors du p\u00e8lerinage dioc\u00e9sain. Celui-ci se d\u00e9roule chaque ann\u00e9e \u00e0 Lourdes \u00e0 la fin du mois de juillet et dure 6 jours.Donner de son temps en fonction de ses possibilit\u00e9s, de ses forces\u00a0; de son charisme aussi. Le p\u00e8lerinage est une vraie \u00e9cole de la vie, o\u00f9 les amiti\u00e9s fortes se lient tant avec les malades qu\u2019avec les autres membres de l\u2019hospitalit\u00e9. Prendre en charge un malade, c\u2019est le choyer durant une petite semaine, et c\u2019est aussi l\u2019emmener \u00e0 participer \u00e0 toutes les c\u00e9l\u00e9brations du dioc\u00e8se li\u00e9es au p\u00e8lerinage, \u00e0 la messe internationale, \u00e0 la retraite aux flambeaux, et \u00e0 toutes les activit\u00e9s pastorales et mariales propos\u00e9es.<br>Durant l\u2019ann\u00e9e, entre deux p\u00e8lerinages, les hospitaliers continuent \u00e0 rencontrer les personnes malades ou handicap\u00e9es pour garder l\u2019ambiance de Lourdes. Sur notre paroisse, les hospitaliers participent activement \u00e0 la messe du 15 ao\u00fbt \u00e0 la Madone de Ville sous Anjou, et, plus ponctuellement, aux diverses activit\u00e9s de la pastorale de la sant\u00e9.<\/p>\n\n\n<p align=\"justify\">\u00a0<\/p>\n<p><strong><a href=\"https:\/\/www.lourdes-france.org\/devenir-hospitalier-lourdes\/\">Vous souhaitez devenir b\u00e9n\u00e9vole ou avoir plus d\u2019informations<\/a><\/strong><\/p>\n<p><strong>Contactez-nous : <br \/><\/strong><strong>Mich\u00e8le RODRIGUEZ<\/strong><br \/><strong>Le Prariand<\/strong><br \/><strong>2 avenue Jules Ferry<\/strong><br \/><strong>38550 LE PEAGE DE ROUSSILLON<\/strong><\/p>\n<p><strong>T\u00e9l : 04 74 86 24 22<\/strong><br \/><strong>Port : 06 86 04 78 49<\/strong><br \/><a href=\"mailto:michele.rc@cegetel.net\"><strong>michele.rc@cegetel.net<\/strong><\/a><\/p>\n<p><strong><a href=\"mailto:hospitalite@diocese-grenoble-vienne.fr\">hospitalite@diocese-grenoble-vienne.fr<\/a><br \/><\/strong><\/p>\n<p><strong>Tel : 04 38 38 00 38<\/strong><\/p>\n\n\n<div class=\"wp-block-media-text alignwide is-stacked-on-mobile\"><figure class=\"wp-block-media-text__media\"><\/figure><div class=\"wp-block-media-text__content\">\n<p class=\"has-large-font-size\"><\/p>\n<\/div><\/div>\n\n\n\n<p><\/p>\n","protected":false},"excerpt":{"rendered":"<p>Hospitalit\u00e9 Dauphinoise Notre-Dame-de-Lourdes L\u2019Hospitalit\u00e9 Dauphinoise Notre Dame de Lourdes regroupe toutes les personnes qui acceptent de donner de leur temps pour accompagner les malades et les personnes handicap\u00e9es lors du p\u00e8lerinage dioc\u00e9sain. Celui-ci se d\u00e9roule chaque ann\u00e9e \u00e0 Lourdes \u00e0 la fin du mois de juillet et dure 6 jours.Donner \u2026 <a class=\"continue-reading-link\" href=\"https:\/\/paroisse-notredame-sannedolon.fr\/index.php\/autres-activites\/hospitalite-dauphinoise-notre-dame-de-lourdes\/\">Lire la suite <span class=\"meta-nav\">&rarr; <\/span><\/a><\/p>\n","protected":false},"author":1,"featured_media":0,"parent":118,"menu_order":0,"comment_status":"closed","ping_status":"closed","template":"","meta":{"jetpack_post_was_ever_published":false,"footnotes":""},"class_list":["post-109","page","type-page","status-publish","hentry"],"jetpack_sharing_enabled":true,"jetpack_shortlink":"https:\/\/wp.me\/P7rrt2-1L","_links":{"self":[{"href":"https:\/\/paroisse-notredame-sannedolon.fr\/index.php\/wp-json\/wp\/v2\/pages\/109","targetHints":{"allow":["GET"]}}],"collection":[{"href":"https:\/\/paroisse-notredame-sannedolon.fr\/index.php\/wp-json\/wp\/v2\/pages"}],"about":[{"href":"https:\/\/paroisse-notredame-sannedolon.fr\/index.php\/wp-json\/wp\/v2\/types\/page"}],"author":[{"embeddable":true,"href":"https:\/\/paroisse-notredame-sannedolon.fr\/index.php\/wp-json\/wp\/v2\/users\/1"}],"replies":[{"embeddable":true,"href":"https:\/\/paroisse-notredame-sannedolon.fr\/index.php\/wp-json\/wp\/v2\/comments?post=109"}],"version-history":[{"count":16,"href":"https:\/\/paroisse-notredame-sannedolon.fr\/index.php\/wp-json\/wp\/v2\/pages\/109\/revisions"}],"predecessor-version":[{"id":10537,"href":"https:\/\/paroisse-notredame-sannedolon.fr\/index.php\/wp-json\/wp\/v2\/pages\/109\/revisions\/10537"}],"up":[{"embeddable":true,"href":"https:\/\/paroisse-notredame-sannedolon.fr\/index.php\/wp-json\/wp\/v2\/pages\/118"}],"wp:attachment":[{"href":"https:\/\/paroisse-notredame-sannedolon.fr\/index.php\/wp-json\/wp\/v2\/media?parent=109"}],"curies":[{"name":"wp","href":"https:\/\/api.w.org\/{rel}","templated":true}]}}